{"id":5,"date":"2020-08-26T08:22:30","date_gmt":"2020-08-26T08:22:30","guid":{"rendered":"https:\/\/yuvalojivakfi.org\/donation-confirmation\/"},"modified":"2025-01-07T14:03:39","modified_gmt":"2025-01-07T14:03:39","slug":"bagis-onayi","status":"publish","type":"page","link":"https:\/\/yuvalojivakfi.org\/tr_tr\/bagis-onayi\/","title":{"rendered":"Ba\u011f\u0131\u015f Onay\u0131"},"content":{"rendered":"<div id=\"give-receipt\" data-shortcode=\"{&quot;error&quot;:&quot;You are missing the donation id to view this donation receipt.&quot;,&quot;price&quot;:true,&quot;donor&quot;:true,&quot;date&quot;:true,&quot;payment_method&quot;:true,&quot;payment_id&quot;:true,&quot;payment_status&quot;:false,&quot;company_name&quot;:false,&quot;status_notice&quot;:true}\" data-receipt-type=\"\" data-donation-key=\"\" ><div class=\"placeholder-container-animation\">\n\t<div class=\"timeline-wrapper\">\n\t\t<div class=\"timeline-item\">\n\t\t\t<div class=\"animated-background\">\n\t\t\t\t<div class=\"layer h2 layer-7\">\n\t\t\t\t\t<div class=\"layer-item\"><\/div>\n\t\t\t\t\t<div class=\"layer-item opaque\"><\/div>\n\t\t\t\t<\/div>\n\t\t\t\t<div class=\"layer-gap medium\"><\/div>\n\t\t\t\t<div class=\"layer-gap medium\"><\/div>\n\n\t\t\t\t<div class=\"layer label layer-4\">\n\t\t\t\t\t<div class=\"layer-item\"><\/div>\n\t\t\t\t\t<div class=\"layer-item opaque\"><\/div>\n\t\t\t\t\t<div class=\"layer-item opaque\"><\/div>\n\t\t\t\t\t<div class=\"layer-item\"><\/div>\n\t\t\t\t\t<div class=\"layer-item opaque\"><\/div>\n\t\t\t\t<\/div>\n\t\t\t\t<div class=\"layer-gap small\"><\/div>\n\n\n\t\t\t\t<div class=\"layer h2 layer-5\">\n\t\t\t\t\t<div class=\"layer-item\"><\/div>\n\t\t\t\t\t<div class=\"layer-item opaque\"><\/div>\n\t\t\t\t\t<div class=\"layer-item opaque\"><\/div>\n\t\t\t\t\t<div class=\"layer-item\"><\/div>\n\t\t\t\t\t<div class=\"layer-item opaque\"><\/div>\n\t\t\t\t<\/div>\n\t\t\t\t<div class=\"layer-gap medium\"><\/div>\n\n\n\t\t\t\t<div class=\"layer label layer-4\">\n\t\t\t\t\t<div class=\"layer-item\"><\/div>\n\t\t\t\t\t<div class=\"layer-item opaque\"><\/div>\n\t\t\t\t\t<div class=\"layer-item opaque\"><\/div>\n\t\t\t\t\t<div class=\"layer-item\"><\/div>\n\t\t\t\t\t<div class=\"layer-item opaque\"><\/div>\n\t\t\t\t<\/div>\n\t\t\t\t<div class=\"layer-gap small\"><\/div>\n\t\t\t<\/div>\n\t\t<\/div>\n\t<\/div>\n<\/div>\n<\/div>\n","protected":false},"excerpt":{"rendered":"","protected":false},"author":1,"featured_media":0,"parent":0,"menu_order":0,"comment_status":"closed","ping_status":"closed","template":"","meta":{"give_campaign_id":0,"footnotes":""},"class_list":["post-5","page","type-page","status-publish","hentry","entry"],"yoast_head":"<!-- This site is optimized with the Yoast SEO plugin v26.7 - https:\/\/yoast.com\/wordpress\/plugins\/seo\/ -->\n<title>Ba\u011f\u0131\u015f Onay\u0131 - Yuvaloji Vakf\u0131<\/title>\n<meta name=\"robots\" content=\"index, follow, max-snippet:-1, max-image-preview:large, max-video-preview:-1\" \/>\n<link rel=\"canonical\" href=\"https:\/\/yuvalojivakfi.org\/tr_tr\/bagis-onayi\/\" \/>\n<meta property=\"og:locale\" content=\"tr_TR\" \/>\n<meta property=\"og:type\" content=\"article\" \/>\n<meta property=\"og:title\" content=\"Ba\u011f\u0131\u015f Onay\u0131 - Yuvaloji Vakf\u0131\" \/>\n<meta property=\"og:url\" content=\"https:\/\/yuvalojivakfi.org\/tr_tr\/bagis-onayi\/\" \/>\n<meta property=\"og:site_name\" content=\"Yuvaloji Vakf\u0131\" \/>\n<meta property=\"article:modified_time\" content=\"2025-01-07T14:03:39+00:00\" \/>\n<meta name=\"twitter:card\" content=\"summary_large_image\" \/>\n<script type=\"application\/ld+json\" class=\"yoast-schema-graph\">{\"@context\":\"https:\/\/schema.org\",\"@graph\":[{\"@type\":\"WebPage\",\"@id\":\"https:\/\/yuvalojivakfi.org\/bagis-onayi\/\",\"url\":\"https:\/\/yuvalojivakfi.org\/bagis-onayi\/\",\"name\":\"Ba\u011f\u0131\u015f Onay\u0131 - Yuvaloji Vakf\u0131\",\"isPartOf\":{\"@id\":\"https:\/\/yuvalojivakfi.org\/#website\"},\"datePublished\":\"2020-08-26T08:22:30+00:00\",\"dateModified\":\"2025-01-07T14:03:39+00:00\",\"inLanguage\":\"tr\",\"potentialAction\":[{\"@type\":\"ReadAction\",\"target\":[\"https:\/\/yuvalojivakfi.org\/bagis-onayi\/\"]}]},{\"@type\":\"WebSite\",\"@id\":\"https:\/\/yuvalojivakfi.org\/#website\",\"url\":\"https:\/\/yuvalojivakfi.org\/\",\"name\":\"Yuvaloji Vakf\u0131\",\"description\":\"Yuvaloji Vakf\u0131\",\"publisher\":{\"@id\":\"https:\/\/yuvalojivakfi.org\/#organization\"},\"potentialAction\":[{\"@type\":\"SearchAction\",\"target\":{\"@type\":\"EntryPoint\",\"urlTemplate\":\"https:\/\/yuvalojivakfi.org\/?s={search_term_string}\"},\"query-input\":{\"@type\":\"PropertyValueSpecification\",\"valueRequired\":true,\"valueName\":\"search_term_string\"}}],\"inLanguage\":\"tr\"},{\"@type\":\"Organization\",\"@id\":\"https:\/\/yuvalojivakfi.org\/#organization\",\"name\":\"Yuvaloji Vakf\u0131\",\"url\":\"https:\/\/yuvalojivakfi.org\/\",\"logo\":{\"@type\":\"ImageObject\",\"inLanguage\":\"tr\",\"@id\":\"https:\/\/yuvalojivakfi.org\/#\/schema\/logo\/image\/\",\"url\":\"https:\/\/yuvalojivakfi.org\/wp-content\/uploads\/2021\/06\/Adsiz-tasarim-9.png\",\"contentUrl\":\"https:\/\/yuvalojivakfi.org\/wp-content\/uploads\/2021\/06\/Adsiz-tasarim-9.png\",\"width\":194,\"height\":65,\"caption\":\"Yuvaloji Vakf\u0131\"},\"image\":{\"@id\":\"https:\/\/yuvalojivakfi.org\/#\/schema\/logo\/image\/\"}}]}<\/script>\n<!-- \/ Yoast SEO plugin. -->","yoast_head_json":{"title":"Ba\u011f\u0131\u015f Onay\u0131 - Yuvaloji Vakf\u0131","robots":{"index":"index","follow":"follow","max-snippet":"max-snippet:-1","max-image-preview":"max-image-preview:large","max-video-preview":"max-video-preview:-1"},"canonical":"https:\/\/yuvalojivakfi.org\/tr_tr\/bagis-onayi\/","og_locale":"tr_TR","og_type":"article","og_title":"Ba\u011f\u0131\u015f Onay\u0131 - Yuvaloji Vakf\u0131","og_url":"https:\/\/yuvalojivakfi.org\/tr_tr\/bagis-onayi\/","og_site_name":"Yuvaloji Vakf\u0131","article_modified_time":"2025-01-07T14:03:39+00:00","twitter_card":"summary_large_image","schema":{"@context":"https:\/\/schema.org","@graph":[{"@type":"WebPage","@id":"https:\/\/yuvalojivakfi.org\/bagis-onayi\/","url":"https:\/\/yuvalojivakfi.org\/bagis-onayi\/","name":"Ba\u011f\u0131\u015f Onay\u0131 - Yuvaloji Vakf\u0131","isPartOf":{"@id":"https:\/\/yuvalojivakfi.org\/#website"},"datePublished":"2020-08-26T08:22:30+00:00","dateModified":"2025-01-07T14:03:39+00:00","inLanguage":"tr","potentialAction":[{"@type":"ReadAction","target":["https:\/\/yuvalojivakfi.org\/bagis-onayi\/"]}]},{"@type":"WebSite","@id":"https:\/\/yuvalojivakfi.org\/#website","url":"https:\/\/yuvalojivakfi.org\/","name":"Yuvaloji Vakf\u0131","description":"Yuvaloji Vakf\u0131","publisher":{"@id":"https:\/\/yuvalojivakfi.org\/#organization"},"potentialAction":[{"@type":"SearchAction","target":{"@type":"EntryPoint","urlTemplate":"https:\/\/yuvalojivakfi.org\/?s={search_term_string}"},"query-input":{"@type":"PropertyValueSpecification","valueRequired":true,"valueName":"search_term_string"}}],"inLanguage":"tr"},{"@type":"Organization","@id":"https:\/\/yuvalojivakfi.org\/#organization","name":"Yuvaloji Vakf\u0131","url":"https:\/\/yuvalojivakfi.org\/","logo":{"@type":"ImageObject","inLanguage":"tr","@id":"https:\/\/yuvalojivakfi.org\/#\/schema\/logo\/image\/","url":"https:\/\/yuvalojivakfi.org\/wp-content\/uploads\/2021\/06\/Adsiz-tasarim-9.png","contentUrl":"https:\/\/yuvalojivakfi.org\/wp-content\/uploads\/2021\/06\/Adsiz-tasarim-9.png","width":194,"height":65,"caption":"Yuvaloji Vakf\u0131"},"image":{"@id":"https:\/\/yuvalojivakfi.org\/#\/schema\/logo\/image\/"}}]}},"campaignId":"","_links":{"self":[{"href":"https:\/\/yuvalojivakfi.org\/tr_tr\/wp-json\/wp\/v2\/pages\/5","targetHints":{"allow":["GET"]}}],"collection":[{"href":"https:\/\/yuvalojivakfi.org\/tr_tr\/wp-json\/wp\/v2\/pages"}],"about":[{"href":"https:\/\/yuvalojivakfi.org\/tr_tr\/wp-json\/wp\/v2\/types\/page"}],"author":[{"embeddable":true,"href":"https:\/\/yuvalojivakfi.org\/tr_tr\/wp-json\/wp\/v2\/users\/1"}],"replies":[{"embeddable":true,"href":"https:\/\/yuvalojivakfi.org\/tr_tr\/wp-json\/wp\/v2\/comments?post=5"}],"version-history":[{"count":1,"href":"https:\/\/yuvalojivakfi.org\/tr_tr\/wp-json\/wp\/v2\/pages\/5\/revisions"}],"predecessor-version":[{"id":20854,"href":"https:\/\/yuvalojivakfi.org\/tr_tr\/wp-json\/wp\/v2\/pages\/5\/revisions\/20854"}],"wp:attachment":[{"href":"https:\/\/yuvalojivakfi.org\/tr_tr\/wp-json\/wp\/v2\/media?parent=5"}],"curies":[{"name":"wp","href":"https:\/\/api.w.org\/{rel}","templated":true}]}}