{"id":21757,"date":"2025-03-25T15:13:53","date_gmt":"2025-03-25T12:13:53","guid":{"rendered":"https:\/\/yuvalojivakfi.org\/?page_id=21757"},"modified":"2025-03-25T15:14:20","modified_gmt":"2025-03-25T12:14:20","slug":"uyelik-sozlesmesi","status":"publish","type":"page","link":"https:\/\/yuvalojivakfi.org\/tr_tr\/uyelik-sozlesmesi\/","title":{"rendered":"\u00dcyelik S\u00f6zle\u015fmesi"},"content":{"rendered":"\t\t<div data-elementor-type=\"wp-page\" data-elementor-id=\"21757\" class=\"elementor elementor-21757\" data-elementor-post-type=\"page\">\n\t\t\t\t\t\t<section class=\"elementor-section elementor-top-section elementor-element elementor-element-a35d807 elementor-section-boxed elementor-section-height-default elementor-section-height-default\" data-id=\"a35d807\" data-element_type=\"section\">\n\t\t\t\t\t\t<div class=\"elementor-container elementor-column-gap-default\">\n\t\t\t\t\t<div class=\"elementor-column elementor-col-100 elementor-top-column elementor-element elementor-element-c218bc7\" data-id=\"c218bc7\" data-element_type=\"column\">\n\t\t\t<div class=\"elementor-widget-wrap elementor-element-populated\">\n\t\t\t\t\t\t<div class=\"elementor-element elementor-element-16e5c32 elementor-widget elementor-widget-heading\" data-id=\"16e5c32\" data-element_type=\"widget\" data-widget_type=\"heading.default\">\n\t\t\t\t<div class=\"elementor-widget-container\">\n\t\t\t\t\t<h2 class=\"elementor-heading-title elementor-size-default\">G\u00f6n\u00fcll\u00fc Olma \u015eartlar\u0131<\/h2>\t\t\t\t<\/div>\n\t\t\t\t<\/div>\n\t\t\t\t<div class=\"elementor-element elementor-element-aa9e4b4 elementor-widget elementor-widget-text-editor\" data-id=\"aa9e4b4\" data-element_type=\"widget\" data-widget_type=\"text-editor.default\">\n\t\t\t\t<div class=\"elementor-widget-container\">\n\t\t\t\t\t\t\t\t\t<p><strong>Yuvaloji Vakf\u0131 G\u00f6n\u00fcll\u00fcs\u00fc Kimdir? <\/strong><\/p><p>G\u00f6n\u00fcll\u00fcl\u00fck, kar\u015f\u0131l\u0131ks\u0131z bir iyilik hareketidir. Yuvaloji Vakf\u0131 olarak bizler, hayvanlar\u0131n ya\u015fam haklar\u0131na sayg\u0131 duyan ve onlar\u0131n refah\u0131 i\u00e7in emek harcamaya istekli bireylerle birlikte \u00e7al\u0131\u015fmaktan mutluluk duyar\u0131z. E\u011fer siz de bu de\u011ferleri payla\u015f\u0131yor ve toplumsal fayda sa\u011flamak istiyorsan\u0131z, aram\u0131za kat\u0131lman\u0131zdan mutluluk duyar\u0131z.<\/p><p>\u00a0<\/p><p><strong>Kimler G\u00f6n\u00fcll\u00fc Olabilir?<\/strong><\/p><ul><li>18 ya\u015f\u0131n\u0131 doldurmu\u015f bireyler<\/li><li>\u00d6zellikle sahipsiz evcil hayvanlara kar\u015f\u0131 sevgisi ve duyarl\u0131l\u0131\u011f\u0131 olanlar<\/li><li>Toplumsal fayda sa\u011flama arzusu ta\u015f\u0131yanlar<\/li><\/ul><p><strong>G\u00f6n\u00fcll\u00fc Olmak \u0130\u00e7in Ne Yapmal\u0131y\u0131m?<\/strong><\/p><ol><li><strong>Ba\u015fvuru Formunu Doldurun<\/strong> \u2192 Yuvaloji Vakf\u0131&#8217;n\u0131n resmi web sitesinde bulunan G\u00f6n\u00fcll\u00fc Ba\u015fvuru Formu\u2019nu eksiksiz ve do\u011fru bir \u015fekilde doldurun.<\/li><li><strong>Ba\u015fvurunuzun De\u011ferlendirilmesi<\/strong> \u2192 Ba\u015fvurunuzu inceleyerek en ge\u00e7 bir hafta i\u00e7inde size geri d\u00f6n\u00fc\u015f yapaca\u011f\u0131z.<\/li><li><strong>Faaliyetlere Kat\u0131lmaya Ba\u015flay\u0131n<\/strong> \u2192 Ba\u015fvurunuz onayland\u0131ktan sonra diledi\u011finiz g\u00f6n\u00fcll\u00fc \u00e7al\u0131\u015fmalar\u0131m\u0131za kat\u0131labilirsiniz.<\/li><\/ol><p><strong>G\u00f6n\u00fcll\u00fcl\u00fck S\u00fcrecinde Sizi Neler Bekliyor?<\/strong><\/p><ul><li><strong>\u00a0Projeler<\/strong> \u2192 Sahipsiz evcil hayvanlar\u0131n ya\u015fam ko\u015fullar\u0131n\u0131 iyile\u015ftirmeye y\u00f6nelik projelerde g\u00f6rev alarak do\u011frudan etki yaratabilirsiniz.<\/li><li><strong>Etkinlikler<\/strong> \u2192 Yuvaloji Vakf\u0131 taraf\u0131ndan d\u00fczenlenen etkinliklerde aktif rol alarak toplumsal fark\u0131ndal\u0131k yarat\u0131lmas\u0131na katk\u0131da bulunabilirsiniz.<\/li><\/ul><p>\u00a0<\/p>\t\t\t\t\t\t\t\t<\/div>\n\t\t\t\t<\/div>\n\t\t\t\t\t<\/div>\n\t\t<\/div>\n\t\t\t\t\t<\/div>\n\t\t<\/section>\n\t\t\t\t<\/div>\n\t\t","protected":false},"excerpt":{"rendered":"<p>G\u00f6n\u00fcll\u00fc Olma \u015eartlar\u0131 Yuvaloji Vakf\u0131 G\u00f6n\u00fcll\u00fcs\u00fc Kimdir? G\u00f6n\u00fcll\u00fcl\u00fck, kar\u015f\u0131l\u0131ks\u0131z bir iyilik hareketidir. Yuvaloji Vakf\u0131 olarak bizler, hayvanlar\u0131n ya\u015fam haklar\u0131na sayg\u0131 duyan ve onlar\u0131n refah\u0131 i\u00e7in emek harcamaya istekli bireylerle birlikte [&hellip;]<\/p>\n","protected":false},"author":1,"featured_media":0,"parent":0,"menu_order":0,"comment_status":"closed","ping_status":"closed","template":"","meta":{"give_campaign_id":0,"footnotes":""},"class_list":["post-21757","page","type-page","status-publish","hentry","entry"],"yoast_head":"<!-- This site is optimized with the Yoast SEO plugin v26.7 - https:\/\/yoast.com\/wordpress\/plugins\/seo\/ -->\n<title>\u00dcyelik S\u00f6zle\u015fmesi - Yuvaloji Vakf\u0131<\/title>\n<meta name=\"robots\" content=\"index, follow, max-snippet:-1, max-image-preview:large, max-video-preview:-1\" \/>\n<link rel=\"canonical\" href=\"https:\/\/yuvalojivakfi.org\/tr_tr\/uyelik-sozlesmesi\/\" \/>\n<meta property=\"og:locale\" content=\"tr_TR\" \/>\n<meta property=\"og:type\" content=\"article\" \/>\n<meta property=\"og:title\" content=\"\u00dcyelik S\u00f6zle\u015fmesi - Yuvaloji Vakf\u0131\" \/>\n<meta property=\"og:description\" content=\"G\u00f6n\u00fcll\u00fc Olma \u015eartlar\u0131 Yuvaloji Vakf\u0131 G\u00f6n\u00fcll\u00fcs\u00fc Kimdir? G\u00f6n\u00fcll\u00fcl\u00fck, kar\u015f\u0131l\u0131ks\u0131z bir iyilik hareketidir. Yuvaloji Vakf\u0131 olarak bizler, hayvanlar\u0131n ya\u015fam haklar\u0131na sayg\u0131 duyan ve onlar\u0131n refah\u0131 i\u00e7in emek harcamaya istekli bireylerle birlikte [&hellip;]\" \/>\n<meta property=\"og:url\" content=\"https:\/\/yuvalojivakfi.org\/tr_tr\/uyelik-sozlesmesi\/\" \/>\n<meta property=\"og:site_name\" content=\"Yuvaloji Vakf\u0131\" \/>\n<meta property=\"article:modified_time\" content=\"2025-03-25T12:14:20+00:00\" \/>\n<meta name=\"twitter:card\" content=\"summary_large_image\" \/>\n<meta name=\"twitter:label1\" content=\"Tahmini okuma s\u00fcresi\" \/>\n\t<meta name=\"twitter:data1\" content=\"1 dakika\" \/>\n<script type=\"application\/ld+json\" class=\"yoast-schema-graph\">{\"@context\":\"https:\/\/schema.org\",\"@graph\":[{\"@type\":\"WebPage\",\"@id\":\"https:\/\/yuvalojivakfi.org\/uyelik-sozlesmesi\/\",\"url\":\"https:\/\/yuvalojivakfi.org\/uyelik-sozlesmesi\/\",\"name\":\"\u00dcyelik S\u00f6zle\u015fmesi - Yuvaloji Vakf\u0131\",\"isPartOf\":{\"@id\":\"https:\/\/yuvalojivakfi.org\/#website\"},\"datePublished\":\"2025-03-25T12:13:53+00:00\",\"dateModified\":\"2025-03-25T12:14:20+00:00\",\"inLanguage\":\"tr\",\"potentialAction\":[{\"@type\":\"ReadAction\",\"target\":[\"https:\/\/yuvalojivakfi.org\/uyelik-sozlesmesi\/\"]}]},{\"@type\":\"WebSite\",\"@id\":\"https:\/\/yuvalojivakfi.org\/#website\",\"url\":\"https:\/\/yuvalojivakfi.org\/\",\"name\":\"Yuvaloji Vakf\u0131\",\"description\":\"Yuvaloji Vakf\u0131\",\"publisher\":{\"@id\":\"https:\/\/yuvalojivakfi.org\/#organization\"},\"potentialAction\":[{\"@type\":\"SearchAction\",\"target\":{\"@type\":\"EntryPoint\",\"urlTemplate\":\"https:\/\/yuvalojivakfi.org\/?s={search_term_string}\"},\"query-input\":{\"@type\":\"PropertyValueSpecification\",\"valueRequired\":true,\"valueName\":\"search_term_string\"}}],\"inLanguage\":\"tr\"},{\"@type\":\"Organization\",\"@id\":\"https:\/\/yuvalojivakfi.org\/#organization\",\"name\":\"Yuvaloji Vakf\u0131\",\"url\":\"https:\/\/yuvalojivakfi.org\/\",\"logo\":{\"@type\":\"ImageObject\",\"inLanguage\":\"tr\",\"@id\":\"https:\/\/yuvalojivakfi.org\/#\/schema\/logo\/image\/\",\"url\":\"https:\/\/yuvalojivakfi.org\/wp-content\/uploads\/2021\/06\/Adsiz-tasarim-9.png\",\"contentUrl\":\"https:\/\/yuvalojivakfi.org\/wp-content\/uploads\/2021\/06\/Adsiz-tasarim-9.png\",\"width\":194,\"height\":65,\"caption\":\"Yuvaloji Vakf\u0131\"},\"image\":{\"@id\":\"https:\/\/yuvalojivakfi.org\/#\/schema\/logo\/image\/\"}}]}<\/script>\n<!-- \/ Yoast SEO plugin. -->","yoast_head_json":{"title":"\u00dcyelik S\u00f6zle\u015fmesi - Yuvaloji Vakf\u0131","robots":{"index":"index","follow":"follow","max-snippet":"max-snippet:-1","max-image-preview":"max-image-preview:large","max-video-preview":"max-video-preview:-1"},"canonical":"https:\/\/yuvalojivakfi.org\/tr_tr\/uyelik-sozlesmesi\/","og_locale":"tr_TR","og_type":"article","og_title":"\u00dcyelik S\u00f6zle\u015fmesi - Yuvaloji Vakf\u0131","og_description":"G\u00f6n\u00fcll\u00fc Olma \u015eartlar\u0131 Yuvaloji Vakf\u0131 G\u00f6n\u00fcll\u00fcs\u00fc Kimdir? G\u00f6n\u00fcll\u00fcl\u00fck, kar\u015f\u0131l\u0131ks\u0131z bir iyilik hareketidir. Yuvaloji Vakf\u0131 olarak bizler, hayvanlar\u0131n ya\u015fam haklar\u0131na sayg\u0131 duyan ve onlar\u0131n refah\u0131 i\u00e7in emek harcamaya istekli bireylerle birlikte [&hellip;]","og_url":"https:\/\/yuvalojivakfi.org\/tr_tr\/uyelik-sozlesmesi\/","og_site_name":"Yuvaloji Vakf\u0131","article_modified_time":"2025-03-25T12:14:20+00:00","twitter_card":"summary_large_image","twitter_misc":{"Tahmini okuma s\u00fcresi":"1 dakika"},"schema":{"@context":"https:\/\/schema.org","@graph":[{"@type":"WebPage","@id":"https:\/\/yuvalojivakfi.org\/uyelik-sozlesmesi\/","url":"https:\/\/yuvalojivakfi.org\/uyelik-sozlesmesi\/","name":"\u00dcyelik S\u00f6zle\u015fmesi - Yuvaloji Vakf\u0131","isPartOf":{"@id":"https:\/\/yuvalojivakfi.org\/#website"},"datePublished":"2025-03-25T12:13:53+00:00","dateModified":"2025-03-25T12:14:20+00:00","inLanguage":"tr","potentialAction":[{"@type":"ReadAction","target":["https:\/\/yuvalojivakfi.org\/uyelik-sozlesmesi\/"]}]},{"@type":"WebSite","@id":"https:\/\/yuvalojivakfi.org\/#website","url":"https:\/\/yuvalojivakfi.org\/","name":"Yuvaloji Vakf\u0131","description":"Yuvaloji Vakf\u0131","publisher":{"@id":"https:\/\/yuvalojivakfi.org\/#organization"},"potentialAction":[{"@type":"SearchAction","target":{"@type":"EntryPoint","urlTemplate":"https:\/\/yuvalojivakfi.org\/?s={search_term_string}"},"query-input":{"@type":"PropertyValueSpecification","valueRequired":true,"valueName":"search_term_string"}}],"inLanguage":"tr"},{"@type":"Organization","@id":"https:\/\/yuvalojivakfi.org\/#organization","name":"Yuvaloji Vakf\u0131","url":"https:\/\/yuvalojivakfi.org\/","logo":{"@type":"ImageObject","inLanguage":"tr","@id":"https:\/\/yuvalojivakfi.org\/#\/schema\/logo\/image\/","url":"https:\/\/yuvalojivakfi.org\/wp-content\/uploads\/2021\/06\/Adsiz-tasarim-9.png","contentUrl":"https:\/\/yuvalojivakfi.org\/wp-content\/uploads\/2021\/06\/Adsiz-tasarim-9.png","width":194,"height":65,"caption":"Yuvaloji Vakf\u0131"},"image":{"@id":"https:\/\/yuvalojivakfi.org\/#\/schema\/logo\/image\/"}}]}},"campaignId":"","_links":{"self":[{"href":"https:\/\/yuvalojivakfi.org\/tr_tr\/wp-json\/wp\/v2\/pages\/21757","targetHints":{"allow":["GET"]}}],"collection":[{"href":"https:\/\/yuvalojivakfi.org\/tr_tr\/wp-json\/wp\/v2\/pages"}],"about":[{"href":"https:\/\/yuvalojivakfi.org\/tr_tr\/wp-json\/wp\/v2\/types\/page"}],"author":[{"embeddable":true,"href":"https:\/\/yuvalojivakfi.org\/tr_tr\/wp-json\/wp\/v2\/users\/1"}],"replies":[{"embeddable":true,"href":"https:\/\/yuvalojivakfi.org\/tr_tr\/wp-json\/wp\/v2\/comments?post=21757"}],"version-history":[{"count":7,"href":"https:\/\/yuvalojivakfi.org\/tr_tr\/wp-json\/wp\/v2\/pages\/21757\/revisions"}],"predecessor-version":[{"id":21764,"href":"https:\/\/yuvalojivakfi.org\/tr_tr\/wp-json\/wp\/v2\/pages\/21757\/revisions\/21764"}],"wp:attachment":[{"href":"https:\/\/yuvalojivakfi.org\/tr_tr\/wp-json\/wp\/v2\/media?parent=21757"}],"curies":[{"name":"wp","href":"https:\/\/api.w.org\/{rel}","templated":true}]}}