{"id":21522,"date":"2025-03-14T07:46:47","date_gmt":"2025-03-14T04:46:47","guid":{"rendered":"https:\/\/yuvalojivakfi.org\/?page_id=21522"},"modified":"2025-08-07T16:27:27","modified_gmt":"2025-08-07T13:27:27","slug":"banka-hesap","status":"publish","type":"page","link":"https:\/\/yuvalojivakfi.org\/tr_tr\/banka-hesap\/","title":{"rendered":"Banka Hesap"},"content":{"rendered":"\t\t<div data-elementor-type=\"wp-page\" data-elementor-id=\"21522\" class=\"elementor elementor-21522\" data-elementor-post-type=\"page\">\n\t\t\t\t\t\t<section class=\"elementor-section elementor-top-section elementor-element elementor-element-5793a64 elementor-section-boxed elementor-section-height-default elementor-section-height-default\" data-id=\"5793a64\" data-element_type=\"section\">\n\t\t\t\t\t\t<div class=\"elementor-container elementor-column-gap-default\">\n\t\t\t\t\t<div class=\"elementor-column elementor-col-100 elementor-top-column elementor-element elementor-element-59aafc3\" data-id=\"59aafc3\" data-element_type=\"column\" data-settings=\"{&quot;background_background&quot;:&quot;classic&quot;}\">\n\t\t\t<div class=\"elementor-widget-wrap elementor-element-populated\">\n\t\t\t\t\t\t<div class=\"elementor-element elementor-element-c69d961 elementor-widget elementor-widget-heading\" data-id=\"c69d961\" data-element_type=\"widget\" data-widget_type=\"heading.default\">\n\t\t\t\t<div class=\"elementor-widget-container\">\n\t\t\t\t\t<h2 class=\"elementor-heading-title elementor-size-default\">Sevgili Destek\u00e7ilerimiz, \n\nBa\u011f\u0131\u015f sayfam\u0131z y\u00fckleniyor. Bizi desteklemek isteyen g\u00fczel y\u00fcrekli dostlar\u0131m\u0131z i\u00e7in \u00e7ok yak\u0131nda canl\u0131day\u0131z!\n\nAnlay\u0131\u015f\u0131n\u0131z ve sevginiz i\u00e7in kocaman\u00a0te\u015fekk\u00fcrler!\u00a0\ud83d\udc95\n<\/h2>\t\t\t\t<\/div>\n\t\t\t\t<\/div>\n\t\t\t\t\t<\/div>\n\t\t<\/div>\n\t\t\t\t\t<\/div>\n\t\t<\/section>\n\t\t\t\t<section class=\"elementor-section elementor-top-section elementor-element elementor-element-f9b6bdb elementor-section-boxed elementor-section-height-default elementor-section-height-default\" data-id=\"f9b6bdb\" data-element_type=\"section\">\n\t\t\t\t\t\t<div class=\"elementor-container elementor-column-gap-default\">\n\t\t\t\t\t<div class=\"elementor-column elementor-col-100 elementor-top-column elementor-element elementor-element-47443dd\" data-id=\"47443dd\" data-element_type=\"column\">\n\t\t\t<div class=\"elementor-widget-wrap elementor-element-populated\">\n\t\t\t\t\t\t<div class=\"elementor-element elementor-element-50d7a92 elementor-widget elementor-widget-text-editor\" data-id=\"50d7a92\" data-element_type=\"widget\" data-widget_type=\"text-editor.default\">\n\t\t\t\t<div class=\"elementor-widget-container\">\n\t\t\t\t\t\t\t\t\t<h2><strong>Hesap Bilgilerimiz<\/strong><br \/><br \/><\/h2><table style=\"height: 215px;\" width=\"519\"><tbody><tr><td width=\"163\">M\u00fc\u015fteri<\/td><td width=\"250\">Yuvaloji Sokak Hayvanlar\u0131 Vakf\u0131<\/td><\/tr><tr><td>\u00dcr\u00fcn<\/td><td>TL Vadesiz Hesap<\/td><\/tr><tr><td>Para Birimi<\/td><td>TL<\/td><\/tr><tr><td>\u015eube<\/td><td>S00652 &#8211; ALA\u00c7ATI\/\u0130ZM\u0130R \u015eUBES\u0130<\/td><\/tr><tr><td>IBAN<\/td><td>TR88 0001 5001 5800 7359 7469 67<\/td><\/tr><\/tbody><\/table>\t\t\t\t\t\t\t\t<\/div>\n\t\t\t\t<\/div>\n\t\t\t\t\t<\/div>\n\t\t<\/div>\n\t\t\t\t\t<\/div>\n\t\t<\/section>\n\t\t\t\t<\/div>\n\t\t","protected":false},"excerpt":{"rendered":"<p>Sevgili Destek\u00e7ilerimiz, Ba\u011f\u0131\u015f sayfam\u0131z y\u00fckleniyor. Bizi desteklemek isteyen g\u00fczel y\u00fcrekli dostlar\u0131m\u0131z i\u00e7in \u00e7ok yak\u0131nda canl\u0131day\u0131z! Anlay\u0131\u015f\u0131n\u0131z ve sevginiz i\u00e7in kocaman\u00a0te\u015fekk\u00fcrler!\u00a0\ud83d\udc95 Hesap Bilgilerimiz M\u00fc\u015fteri Yuvaloji Sokak Hayvanlar\u0131 Vakf\u0131 \u00dcr\u00fcn TL Vadesiz [&hellip;]<\/p>\n","protected":false},"author":1,"featured_media":0,"parent":0,"menu_order":0,"comment_status":"closed","ping_status":"closed","template":"","meta":{"give_campaign_id":0,"footnotes":""},"class_list":["post-21522","page","type-page","status-publish","hentry","entry"],"yoast_head":"<!-- This site is optimized with the Yoast SEO plugin v26.7 - https:\/\/yoast.com\/wordpress\/plugins\/seo\/ -->\n<title>Banka Hesap - Yuvaloji Vakf\u0131<\/title>\n<meta name=\"robots\" content=\"index, follow, max-snippet:-1, max-image-preview:large, max-video-preview:-1\" \/>\n<link rel=\"canonical\" href=\"https:\/\/yuvalojivakfi.org\/tr_tr\/banka-hesap\/\" \/>\n<meta property=\"og:locale\" content=\"tr_TR\" \/>\n<meta property=\"og:type\" content=\"article\" \/>\n<meta property=\"og:title\" content=\"Banka Hesap - Yuvaloji Vakf\u0131\" \/>\n<meta property=\"og:description\" content=\"Sevgili Destek\u00e7ilerimiz, Ba\u011f\u0131\u015f sayfam\u0131z y\u00fckleniyor. Bizi desteklemek isteyen g\u00fczel y\u00fcrekli dostlar\u0131m\u0131z i\u00e7in \u00e7ok yak\u0131nda canl\u0131day\u0131z! Anlay\u0131\u015f\u0131n\u0131z ve sevginiz i\u00e7in kocaman\u00a0te\u015fekk\u00fcrler!\u00a0\ud83d\udc95 Hesap Bilgilerimiz M\u00fc\u015fteri Yuvaloji Sokak Hayvanlar\u0131 Vakf\u0131 \u00dcr\u00fcn TL Vadesiz [&hellip;]\" \/>\n<meta property=\"og:url\" content=\"https:\/\/yuvalojivakfi.org\/tr_tr\/banka-hesap\/\" \/>\n<meta property=\"og:site_name\" content=\"Yuvaloji Vakf\u0131\" \/>\n<meta property=\"article:modified_time\" content=\"2025-08-07T13:27:27+00:00\" \/>\n<meta name=\"twitter:card\" content=\"summary_large_image\" \/>\n<meta name=\"twitter:label1\" content=\"Tahmini okuma s\u00fcresi\" \/>\n\t<meta name=\"twitter:data1\" content=\"1 dakika\" \/>\n<script type=\"application\/ld+json\" class=\"yoast-schema-graph\">{\"@context\":\"https:\/\/schema.org\",\"@graph\":[{\"@type\":\"WebPage\",\"@id\":\"https:\/\/yuvalojivakfi.org\/tr_tr\/banka-hesap\/\",\"url\":\"https:\/\/yuvalojivakfi.org\/tr_tr\/banka-hesap\/\",\"name\":\"Banka Hesap - Yuvaloji Vakf\u0131\",\"isPartOf\":{\"@id\":\"https:\/\/yuvalojivakfi.org\/#website\"},\"datePublished\":\"2025-03-14T04:46:47+00:00\",\"dateModified\":\"2025-08-07T13:27:27+00:00\",\"inLanguage\":\"tr\",\"potentialAction\":[{\"@type\":\"ReadAction\",\"target\":[\"https:\/\/yuvalojivakfi.org\/tr_tr\/banka-hesap\/\"]}]},{\"@type\":\"WebSite\",\"@id\":\"https:\/\/yuvalojivakfi.org\/#website\",\"url\":\"https:\/\/yuvalojivakfi.org\/\",\"name\":\"Yuvaloji Vakf\u0131\",\"description\":\"Yuvaloji Vakf\u0131\",\"publisher\":{\"@id\":\"https:\/\/yuvalojivakfi.org\/#organization\"},\"potentialAction\":[{\"@type\":\"SearchAction\",\"target\":{\"@type\":\"EntryPoint\",\"urlTemplate\":\"https:\/\/yuvalojivakfi.org\/?s={search_term_string}\"},\"query-input\":{\"@type\":\"PropertyValueSpecification\",\"valueRequired\":true,\"valueName\":\"search_term_string\"}}],\"inLanguage\":\"tr\"},{\"@type\":\"Organization\",\"@id\":\"https:\/\/yuvalojivakfi.org\/#organization\",\"name\":\"Yuvaloji Vakf\u0131\",\"url\":\"https:\/\/yuvalojivakfi.org\/\",\"logo\":{\"@type\":\"ImageObject\",\"inLanguage\":\"tr\",\"@id\":\"https:\/\/yuvalojivakfi.org\/#\/schema\/logo\/image\/\",\"url\":\"https:\/\/yuvalojivakfi.org\/wp-content\/uploads\/2021\/06\/Adsiz-tasarim-9.png\",\"contentUrl\":\"https:\/\/yuvalojivakfi.org\/wp-content\/uploads\/2021\/06\/Adsiz-tasarim-9.png\",\"width\":194,\"height\":65,\"caption\":\"Yuvaloji Vakf\u0131\"},\"image\":{\"@id\":\"https:\/\/yuvalojivakfi.org\/#\/schema\/logo\/image\/\"}}]}<\/script>\n<!-- \/ Yoast SEO plugin. -->","yoast_head_json":{"title":"Banka Hesap - Yuvaloji Vakf\u0131","robots":{"index":"index","follow":"follow","max-snippet":"max-snippet:-1","max-image-preview":"max-image-preview:large","max-video-preview":"max-video-preview:-1"},"canonical":"https:\/\/yuvalojivakfi.org\/tr_tr\/banka-hesap\/","og_locale":"tr_TR","og_type":"article","og_title":"Banka Hesap - Yuvaloji Vakf\u0131","og_description":"Sevgili Destek\u00e7ilerimiz, Ba\u011f\u0131\u015f sayfam\u0131z y\u00fckleniyor. Bizi desteklemek isteyen g\u00fczel y\u00fcrekli dostlar\u0131m\u0131z i\u00e7in \u00e7ok yak\u0131nda canl\u0131day\u0131z! Anlay\u0131\u015f\u0131n\u0131z ve sevginiz i\u00e7in kocaman\u00a0te\u015fekk\u00fcrler!\u00a0\ud83d\udc95 Hesap Bilgilerimiz M\u00fc\u015fteri Yuvaloji Sokak Hayvanlar\u0131 Vakf\u0131 \u00dcr\u00fcn TL Vadesiz [&hellip;]","og_url":"https:\/\/yuvalojivakfi.org\/tr_tr\/banka-hesap\/","og_site_name":"Yuvaloji Vakf\u0131","article_modified_time":"2025-08-07T13:27:27+00:00","twitter_card":"summary_large_image","twitter_misc":{"Tahmini okuma s\u00fcresi":"1 dakika"},"schema":{"@context":"https:\/\/schema.org","@graph":[{"@type":"WebPage","@id":"https:\/\/yuvalojivakfi.org\/tr_tr\/banka-hesap\/","url":"https:\/\/yuvalojivakfi.org\/tr_tr\/banka-hesap\/","name":"Banka Hesap - Yuvaloji Vakf\u0131","isPartOf":{"@id":"https:\/\/yuvalojivakfi.org\/#website"},"datePublished":"2025-03-14T04:46:47+00:00","dateModified":"2025-08-07T13:27:27+00:00","inLanguage":"tr","potentialAction":[{"@type":"ReadAction","target":["https:\/\/yuvalojivakfi.org\/tr_tr\/banka-hesap\/"]}]},{"@type":"WebSite","@id":"https:\/\/yuvalojivakfi.org\/#website","url":"https:\/\/yuvalojivakfi.org\/","name":"Yuvaloji Vakf\u0131","description":"Yuvaloji Vakf\u0131","publisher":{"@id":"https:\/\/yuvalojivakfi.org\/#organization"},"potentialAction":[{"@type":"SearchAction","target":{"@type":"EntryPoint","urlTemplate":"https:\/\/yuvalojivakfi.org\/?s={search_term_string}"},"query-input":{"@type":"PropertyValueSpecification","valueRequired":true,"valueName":"search_term_string"}}],"inLanguage":"tr"},{"@type":"Organization","@id":"https:\/\/yuvalojivakfi.org\/#organization","name":"Yuvaloji Vakf\u0131","url":"https:\/\/yuvalojivakfi.org\/","logo":{"@type":"ImageObject","inLanguage":"tr","@id":"https:\/\/yuvalojivakfi.org\/#\/schema\/logo\/image\/","url":"https:\/\/yuvalojivakfi.org\/wp-content\/uploads\/2021\/06\/Adsiz-tasarim-9.png","contentUrl":"https:\/\/yuvalojivakfi.org\/wp-content\/uploads\/2021\/06\/Adsiz-tasarim-9.png","width":194,"height":65,"caption":"Yuvaloji Vakf\u0131"},"image":{"@id":"https:\/\/yuvalojivakfi.org\/#\/schema\/logo\/image\/"}}]}},"campaignId":"","_links":{"self":[{"href":"https:\/\/yuvalojivakfi.org\/tr_tr\/wp-json\/wp\/v2\/pages\/21522","targetHints":{"allow":["GET"]}}],"collection":[{"href":"https:\/\/yuvalojivakfi.org\/tr_tr\/wp-json\/wp\/v2\/pages"}],"about":[{"href":"https:\/\/yuvalojivakfi.org\/tr_tr\/wp-json\/wp\/v2\/types\/page"}],"author":[{"embeddable":true,"href":"https:\/\/yuvalojivakfi.org\/tr_tr\/wp-json\/wp\/v2\/users\/1"}],"replies":[{"embeddable":true,"href":"https:\/\/yuvalojivakfi.org\/tr_tr\/wp-json\/wp\/v2\/comments?post=21522"}],"version-history":[{"count":13,"href":"https:\/\/yuvalojivakfi.org\/tr_tr\/wp-json\/wp\/v2\/pages\/21522\/revisions"}],"predecessor-version":[{"id":22053,"href":"https:\/\/yuvalojivakfi.org\/tr_tr\/wp-json\/wp\/v2\/pages\/21522\/revisions\/22053"}],"wp:attachment":[{"href":"https:\/\/yuvalojivakfi.org\/tr_tr\/wp-json\/wp\/v2\/media?parent=21522"}],"curies":[{"name":"wp","href":"https:\/\/api.w.org\/{rel}","templated":true}]}}