{"id":21595,"date":"2025-03-21T02:03:42","date_gmt":"2025-03-20T23:03:42","guid":{"rendered":"https:\/\/yuvalojivakfi.org\/?page_id=21595"},"modified":"2025-03-26T16:34:21","modified_gmt":"2025-03-26T13:34:21","slug":"kariyer","status":"publish","type":"page","link":"https:\/\/yuvalojivakfi.org\/en\/kariyer\/","title":{"rendered":"Career"},"content":{"rendered":"\t\t<div data-elementor-type=\"wp-page\" data-elementor-id=\"21595\" class=\"elementor elementor-21595\" data-elementor-post-type=\"page\">\n\t\t\t\t\t\t<section class=\"elementor-section elementor-top-section elementor-element elementor-element-3a9f7ba6 elementor-section-content-middle elementor-section-boxed elementor-section-height-default elementor-section-height-default\" data-id=\"3a9f7ba6\" data-element_type=\"section\" data-e-type=\"section\" data-settings=\"{&quot;background_background&quot;:&quot;classic&quot;}\">\n\t\t\t\t\t\t<div class=\"elementor-container elementor-column-gap-extended\">\n\t\t\t\t\t<div class=\"elementor-column elementor-col-100 elementor-top-column elementor-element elementor-element-d8989d1\" data-id=\"d8989d1\" data-element_type=\"column\" data-e-type=\"column\">\n\t\t\t<div class=\"elementor-widget-wrap elementor-element-populated\">\n\t\t\t\t\t\t<div class=\"elementor-element elementor-element-d21face elementor-widget elementor-widget-heading\" data-id=\"d21face\" data-element_type=\"widget\" data-e-type=\"widget\" data-widget_type=\"heading.default\">\n\t\t\t\t<div class=\"elementor-widget-container\">\n\t\t\t\t\t<h1 class=\"elementor-heading-title elementor-size-default\">E\u011fitime Destek<\/h1>\t\t\t\t<\/div>\n\t\t\t\t<\/div>\n\t\t\t\t<div class=\"elementor-element elementor-element-0d73560 elementor-widget elementor-widget-text-editor\" data-id=\"0d73560\" data-element_type=\"widget\" data-e-type=\"widget\" data-widget_type=\"text-editor.default\">\n\t\t\t\t<div class=\"elementor-widget-container\">\n\t\t\t\t\t\t\t\t\t<p>Yuvaloji Vakf\u0131 gelece\u011fin Veteriner sa\u011fl\u0131k profesyonellerine e\u011fitim s\u00fcre\u00e7lerinde destek olmak ve onlar\u0131 sahada deneyim kazanmaya te\u015fvik etmek amac\u0131yla da kuruldu. TC Veterinerlik Fak\u00fcltelerinde e\u011fitim g\u00f6ren hekim adaylar\u0131 ile Laborant ve Veteriner Sa\u011fl\u0131k B\u00f6l\u00fcm\u00fc \u00f6\u011frencilerine burs ve staj olanaklar\u0131\u00a0da\u00a0sa\u011fl\u0131yoruz.<\/p>\t\t\t\t\t\t\t\t<\/div>\n\t\t\t\t<\/div>\n\t\t\t\t\t<\/div>\n\t\t<\/div>\n\t\t\t\t\t<\/div>\n\t\t<\/section>\n\t\t\t\t<section class=\"elementor-section elementor-top-section elementor-element elementor-element-13718954 elementor-section-boxed elementor-section-height-default elementor-section-height-default\" data-id=\"13718954\" data-element_type=\"section\" data-e-type=\"section\" data-settings=\"{&quot;background_background&quot;:&quot;classic&quot;}\">\n\t\t\t\t\t\t<div class=\"elementor-container elementor-column-gap-extended\">\n\t\t\t\t\t<div class=\"elementor-column elementor-col-100 elementor-top-column elementor-element elementor-element-19067b7e\" data-id=\"19067b7e\" data-element_type=\"column\" data-e-type=\"column\" data-settings=\"{&quot;background_background&quot;:&quot;classic&quot;}\">\n\t\t\t<div class=\"elementor-widget-wrap elementor-element-populated\">\n\t\t\t\t\t\t<div class=\"elementor-element elementor-element-23dba862 elementor-button-align-center elementor-widget elementor-widget-form\" data-id=\"23dba862\" data-element_type=\"widget\" data-e-type=\"widget\" data-settings=\"{&quot;step_next_label&quot;:&quot;Next&quot;,&quot;step_previous_label&quot;:&quot;Previous&quot;,&quot;button_width&quot;:&quot;100&quot;,&quot;step_type&quot;:&quot;number_text&quot;,&quot;step_icon_shape&quot;:&quot;circle&quot;}\" data-widget_type=\"form.default\">\n\t\t\t\t<div class=\"elementor-widget-container\">\n\t\t\t\t\t\t\t<form class=\"elementor-form\" method=\"post\" name=\"Contact Form\" novalidate=\"\">\n\t\t\t<input type=\"hidden\" name=\"post_id\" value=\"21595\"\/>\n\t\t\t<input type=\"hidden\" name=\"form_id\" value=\"23dba862\"\/>\n\t\t\t<input type=\"hidden\" name=\"referer_title\" value=\"Kariyer - Yuvaloji Vakf\u0131\" \/>\n\n\t\t\t\t\t\t\t<input type=\"hidden\" name=\"queried_id\" value=\"21595\"\/>\n\t\t\t\n\t\t\t<div class=\"elementor-form-fields-wrapper elementor-labels-\">\n\t\t\t\t\t\t\t\t<div class=\"elementor-field-type-html elementor-field-group elementor-column elementor-field-group-field_b1a6e3b elementor-col-100\">\n\t\t\t\t\tK\u0130\u015e\u0130SEL B\u0130LG\u0130LERiN\u0130Z\t\t\t\t<\/div>\n\t\t\t\t\t\t\t\t<div class=\"elementor-field-type-text elementor-field-group elementor-column elementor-field-group-name elementor-col-100 elementor-field-required\">\n\t\t\t\t\t\t\t\t\t\t\t\t<label for=\"form-field-name\" class=\"elementor-field-label elementor-screen-only\">\n\t\t\t\t\t\t\t\tAd Soyad\t\t\t\t\t\t\t<\/label>\n\t\t\t\t\t\t\t\t\t\t\t\t\t\t<input size=\"1\" type=\"text\" name=\"form_fields[name]\" id=\"form-field-name\" class=\"elementor-field elementor-size-md  elementor-field-textual\" placeholder=\"Ad-Soyad*\" required=\"required\" aria-required=\"true\">\n\t\t\t\t\t\t\t\t\t\t\t<\/div>\n\t\t\t\t\t\t\t\t<div class=\"elementor-field-type-email elementor-field-group elementor-column elementor-field-group-email elementor-col-50 elementor-field-required\">\n\t\t\t\t\t\t\t\t\t\t\t\t<label for=\"form-field-email\" class=\"elementor-field-label elementor-screen-only\">\n\t\t\t\t\t\t\t\tE-Posta\t\t\t\t\t\t\t<\/label>\n\t\t\t\t\t\t\t\t\t\t\t\t\t\t<input size=\"1\" type=\"email\" name=\"form_fields[email]\" id=\"form-field-email\" class=\"elementor-field elementor-size-md  elementor-field-textual\" placeholder=\"E-posta Adresiniz*\" required=\"required\" aria-required=\"true\">\n\t\t\t\t\t\t\t\t\t\t\t<\/div>\n\t\t\t\t\t\t\t\t<div class=\"elementor-field-type-tel elementor-field-group elementor-column elementor-field-group-field_2a317f5 elementor-col-50 elementor-field-required\">\n\t\t\t\t\t\t\t\t\t\t\t\t<label for=\"form-field-field_2a317f5\" class=\"elementor-field-label elementor-screen-only\">\n\t\t\t\t\t\t\t\tTelefon\t\t\t\t\t\t\t<\/label>\n\t\t\t\t\t\t\t\t<input size=\"1\" type=\"tel\" name=\"form_fields[field_2a317f5]\" id=\"form-field-field_2a317f5\" class=\"elementor-field elementor-size-md  elementor-field-textual\" placeholder=\"Telefon Numaran\u0131z\" required=\"required\" aria-required=\"true\" pattern=\"[0-9()#&amp;+*-=.]+\" title=\"Sadece rakamlar ve telefon karakterleri (#, -, *, vb.) kabul edilmektedir.\">\n\n\t\t\t\t\t\t<\/div>\n\t\t\t\t\t\t\t\t<div class=\"elementor-field-type-html elementor-field-group elementor-column elementor-field-group-field_c9c34fc elementor-col-100\">\n\t\t\t\t\tE\u011e\u0130T\u0130M B\u0130LG\u0130LER\u0130N\u0130Z\t\t\t\t<\/div>\n\t\t\t\t\t\t\t\t<div class=\"elementor-field-type-text elementor-field-group elementor-column elementor-field-group-field_ab3ecbf elementor-col-50 elementor-field-required\">\n\t\t\t\t\t\t\t\t\t\t\t\t<label for=\"form-field-field_ab3ecbf\" class=\"elementor-field-label elementor-screen-only\">\n\t\t\t\t\t\t\t\t\u00dcniversite Ad\u0131\t\t\t\t\t\t\t<\/label>\n\t\t\t\t\t\t\t\t\t\t\t\t\t\t<input size=\"1\" type=\"text\" name=\"form_fields[field_ab3ecbf]\" id=\"form-field-field_ab3ecbf\" class=\"elementor-field elementor-size-md  elementor-field-textual\" placeholder=\"\u00dcniversite Ad\u0131\" required=\"required\" aria-required=\"true\">\n\t\t\t\t\t\t\t\t\t\t\t<\/div>\n\t\t\t\t\t\t\t\t<div class=\"elementor-field-type-text elementor-field-group elementor-column elementor-field-group-field_799a603 elementor-col-50 elementor-field-required\">\n\t\t\t\t\t\t\t\t\t\t\t\t<label for=\"form-field-field_799a603\" class=\"elementor-field-label elementor-screen-only\">\n\t\t\t\t\t\t\t\tB\u00f6l\u00fcm\t\t\t\t\t\t\t<\/label>\n\t\t\t\t\t\t\t\t\t\t\t\t\t\t<input size=\"1\" type=\"text\" name=\"form_fields[field_799a603]\" id=\"form-field-field_799a603\" class=\"elementor-field elementor-size-md  elementor-field-textual\" placeholder=\"B\u00f6l\u00fcm\" required=\"required\" aria-required=\"true\">\n\t\t\t\t\t\t\t\t\t\t\t<\/div>\n\t\t\t\t\t\t\t\t<div class=\"elementor-field-type-select elementor-field-group elementor-column elementor-field-group-field_a98c4ef elementor-col-100 elementor-field-required\">\n\t\t\t\t\t\t\t\t\t\t\t\t<label for=\"form-field-field_a98c4ef\" class=\"elementor-field-label elementor-screen-only\">\n\t\t\t\t\t\t\t\tS\u0131n\u0131f\t\t\t\t\t\t\t<\/label>\n\t\t\t\t\t\t\t\t<div class=\"elementor-field elementor-select-wrapper remove-before \">\n\t\t\t<div class=\"select-caret-down-wrapper\">\n\t\t\t\t<i aria-hidden=\"true\" class=\"eicon-caret-down\"><\/i>\t\t\t<\/div>\n\t\t\t<select name=\"form_fields[field_a98c4ef]\" id=\"form-field-field_a98c4ef\" class=\"elementor-field-textual elementor-size-md\" required=\"required\" aria-required=\"true\">\n\t\t\t\t\t\t\t\t\t<option value=\"S\u0131n\u0131f\u0131n\u0131z\u0131 Se\u00e7in\">S\u0131n\u0131f\u0131n\u0131z\u0131 Se\u00e7in<\/option>\n\t\t\t\t\t\t\t\t\t<option value=\"1\">1<\/option>\n\t\t\t\t\t\t\t\t\t<option value=\"2\">2<\/option>\n\t\t\t\t\t\t\t\t\t<option value=\"3\">3<\/option>\n\t\t\t\t\t\t\t\t\t<option value=\"4\">4<\/option>\n\t\t\t\t\t\t\t<\/select>\n\t\t<\/div>\n\t\t\t\t\t\t<\/div>\n\t\t\t\t\t\t\t\t<div class=\"elementor-field-type-number elementor-field-group elementor-column elementor-field-group-field_95656f5 elementor-col-100 elementor-field-required\">\n\t\t\t\t\t\t\t\t\t\t\t\t<label for=\"form-field-field_95656f5\" class=\"elementor-field-label elementor-screen-only\">\n\t\t\t\t\t\t\t\tNot Ortalaman\u0131z\t\t\t\t\t\t\t<\/label>\n\t\t\t\t\t\t\t\t\t<input type=\"number\" name=\"form_fields[field_95656f5]\" id=\"form-field-field_95656f5\" class=\"elementor-field elementor-size-md  elementor-field-textual\" placeholder=\"Not Ortalaman\u0131z\" required=\"required\" aria-required=\"true\" min=\"\" max=\"\" >\n\t\t\t\t\t\t<\/div>\n\t\t\t\t\t\t\t\t<div class=\"elementor-field-type-html elementor-field-group elementor-column elementor-field-group-field_e47a6e6 elementor-col-100\">\n\t\t\t\t\tKISACA KEND\u0130N\u0130Z\u0130 TANITIR MISINIZ?\t\t\t\t<\/div>\n\t\t\t\t\t\t\t\t<div class=\"elementor-field-type-textarea elementor-field-group elementor-column elementor-field-group-field_68e4384 elementor-col-100 elementor-field-required\">\n\t\t\t\t\t\t\t\t\t\t\t\t<label for=\"form-field-field_68e4384\" class=\"elementor-field-label elementor-screen-only\">\n\t\t\t\t\t\t\t\tYuvaloji Vakf\u0131 bursuna neden ba\u015fvuruyorsunuz? (K\u0131sa bir a\u00e7\u0131klama yaz\u0131n\u0131z.)\t\t\t\t\t\t\t<\/label>\n\t\t\t\t\t\t<textarea class=\"elementor-field-textual elementor-field  elementor-size-md\" name=\"form_fields[field_68e4384]\" id=\"form-field-field_68e4384\" rows=\"4\" placeholder=\"Yuvaloji Vakf\u0131 bursuna neden ba\u015fvuruyorsunuz? (K\u0131sa bir a\u00e7\u0131klama yaz\u0131n\u0131z.)\" required=\"required\" aria-required=\"true\"><\/textarea>\t\t\t\t<\/div>\n\t\t\t\t\t\t\t\t<div class=\"elementor-field-group elementor-column elementor-field-type-submit elementor-col-100 e-form__buttons\">\n\t\t\t\t\t<button class=\"elementor-button elementor-size-sm\" type=\"submit\">\n\t\t\t\t\t\t<span class=\"elementor-button-content-wrapper\">\n\t\t\t\t\t\t\t\t\t\t\t\t\t\t\t\t\t\t\t\t\t\t<span class=\"elementor-button-text\">Mesaj G\u00f6nder<\/span>\n\t\t\t\t\t\t\t\t\t\t\t\t\t<\/span>\n\t\t\t\t\t<\/button>\n\t\t\t\t<\/div>\n\t\t\t<\/div>\n\t\t<\/form>\n\t\t\t\t\t\t<\/div>\n\t\t\t\t<\/div>\n\t\t\t\t\t<\/div>\n\t\t<\/div>\n\t\t\t\t\t<\/div>\n\t\t<\/section>\n\t\t\t\t<\/div>\n\t\t","protected":false},"excerpt":{"rendered":"<p>E\u011fitime Destek Yuvaloji Vakf\u0131 gelece\u011fin Veteriner sa\u011fl\u0131k profesyonellerine e\u011fitim s\u00fcre\u00e7lerinde destek olmak ve onlar\u0131 sahada deneyim kazanmaya te\u015fvik etmek amac\u0131yla da kuruldu. TC Veterinerlik Fak\u00fcltelerinde e\u011fitim g\u00f6ren hekim adaylar\u0131 ile Laborant ve Veteriner Sa\u011fl\u0131k B\u00f6l\u00fcm\u00fc \u00f6\u011frencilerine burs ve staj olanaklar\u0131\u00a0da\u00a0sa\u011fl\u0131yoruz.<\/p>","protected":false},"author":1,"featured_media":0,"parent":0,"menu_order":0,"comment_status":"closed","ping_status":"closed","template":"elementor_header_footer","meta":{"footnotes":""},"class_list":["post-21595","page","type-page","status-publish","hentry","entry"],"yoast_head":"<!-- This site is optimized with the Yoast SEO plugin v26.7 - https:\/\/yoast.com\/wordpress\/plugins\/seo\/ -->\n<title>Kariyer - Yuvaloji Vakf\u0131<\/title>\n<meta name=\"robots\" content=\"index, follow, max-snippet:-1, max-image-preview:large, max-video-preview:-1\" \/>\n<link rel=\"canonical\" href=\"https:\/\/yuvalojivakfi.org\/en\/kariyer\/\" \/>\n<meta property=\"og:locale\" content=\"en_US\" \/>\n<meta property=\"og:type\" content=\"article\" \/>\n<meta property=\"og:title\" content=\"Kariyer - Yuvaloji Vakf\u0131\" \/>\n<meta property=\"og:description\" content=\"E\u011fitime Destek Yuvaloji Vakf\u0131 gelece\u011fin Veteriner sa\u011fl\u0131k profesyonellerine e\u011fitim s\u00fcre\u00e7lerinde destek olmak ve onlar\u0131 sahada deneyim kazanmaya te\u015fvik etmek amac\u0131yla da kuruldu. TC Veterinerlik Fak\u00fcltelerinde e\u011fitim g\u00f6ren hekim adaylar\u0131 ile Laborant ve Veteriner Sa\u011fl\u0131k B\u00f6l\u00fcm\u00fc \u00f6\u011frencilerine burs ve staj olanaklar\u0131\u00a0da\u00a0sa\u011fl\u0131yoruz.\" \/>\n<meta property=\"og:url\" content=\"https:\/\/yuvalojivakfi.org\/en\/kariyer\/\" \/>\n<meta property=\"og:site_name\" content=\"Yuvaloji Vakf\u0131\" \/>\n<meta property=\"article:modified_time\" content=\"2025-03-26T13:34:21+00:00\" \/>\n<meta name=\"twitter:card\" content=\"summary_large_image\" \/>\n<meta name=\"twitter:label1\" content=\"Est. reading time\" \/>\n\t<meta name=\"twitter:data1\" content=\"1 minute\" \/>\n<script type=\"application\/ld+json\" class=\"yoast-schema-graph\">{\"@context\":\"https:\/\/schema.org\",\"@graph\":[{\"@type\":\"WebPage\",\"@id\":\"https:\/\/yuvalojivakfi.org\/kariyer\/\",\"url\":\"https:\/\/yuvalojivakfi.org\/kariyer\/\",\"name\":\"Kariyer - Yuvaloji Vakf\u0131\",\"isPartOf\":{\"@id\":\"https:\/\/yuvalojivakfi.org\/#website\"},\"datePublished\":\"2025-03-20T23:03:42+00:00\",\"dateModified\":\"2025-03-26T13:34:21+00:00\",\"inLanguage\":\"en-US\",\"potentialAction\":[{\"@type\":\"ReadAction\",\"target\":[\"https:\/\/yuvalojivakfi.org\/kariyer\/\"]}]},{\"@type\":\"WebSite\",\"@id\":\"https:\/\/yuvalojivakfi.org\/#website\",\"url\":\"https:\/\/yuvalojivakfi.org\/\",\"name\":\"Yuvaloji Vakf\u0131\",\"description\":\"Yuvaloji Vakf\u0131\",\"publisher\":{\"@id\":\"https:\/\/yuvalojivakfi.org\/#organization\"},\"potentialAction\":[{\"@type\":\"SearchAction\",\"target\":{\"@type\":\"EntryPoint\",\"urlTemplate\":\"https:\/\/yuvalojivakfi.org\/?s={search_term_string}\"},\"query-input\":{\"@type\":\"PropertyValueSpecification\",\"valueRequired\":true,\"valueName\":\"search_term_string\"}}],\"inLanguage\":\"en-US\"},{\"@type\":\"Organization\",\"@id\":\"https:\/\/yuvalojivakfi.org\/#organization\",\"name\":\"Yuvaloji Vakf\u0131\",\"url\":\"https:\/\/yuvalojivakfi.org\/\",\"logo\":{\"@type\":\"ImageObject\",\"inLanguage\":\"en-US\",\"@id\":\"https:\/\/yuvalojivakfi.org\/#\/schema\/logo\/image\/\",\"url\":\"https:\/\/yuvalojivakfi.org\/wp-content\/uploads\/2021\/06\/Adsiz-tasarim-9.png\",\"contentUrl\":\"https:\/\/yuvalojivakfi.org\/wp-content\/uploads\/2021\/06\/Adsiz-tasarim-9.png\",\"width\":194,\"height\":65,\"caption\":\"Yuvaloji Vakf\u0131\"},\"image\":{\"@id\":\"https:\/\/yuvalojivakfi.org\/#\/schema\/logo\/image\/\"}}]}<\/script>\n<!-- \/ Yoast SEO plugin. -->","yoast_head_json":{"title":"Kariyer - Yuvaloji Vakf\u0131","robots":{"index":"index","follow":"follow","max-snippet":"max-snippet:-1","max-image-preview":"max-image-preview:large","max-video-preview":"max-video-preview:-1"},"canonical":"https:\/\/yuvalojivakfi.org\/en\/kariyer\/","og_locale":"en_US","og_type":"article","og_title":"Kariyer - Yuvaloji Vakf\u0131","og_description":"E\u011fitime Destek Yuvaloji Vakf\u0131 gelece\u011fin Veteriner sa\u011fl\u0131k profesyonellerine e\u011fitim s\u00fcre\u00e7lerinde destek olmak ve onlar\u0131 sahada deneyim kazanmaya te\u015fvik etmek amac\u0131yla da kuruldu. TC Veterinerlik Fak\u00fcltelerinde e\u011fitim g\u00f6ren hekim adaylar\u0131 ile Laborant ve Veteriner Sa\u011fl\u0131k B\u00f6l\u00fcm\u00fc \u00f6\u011frencilerine burs ve staj olanaklar\u0131\u00a0da\u00a0sa\u011fl\u0131yoruz.","og_url":"https:\/\/yuvalojivakfi.org\/en\/kariyer\/","og_site_name":"Yuvaloji Vakf\u0131","article_modified_time":"2025-03-26T13:34:21+00:00","twitter_card":"summary_large_image","twitter_misc":{"Est. reading time":"1 minute"},"schema":{"@context":"https:\/\/schema.org","@graph":[{"@type":"WebPage","@id":"https:\/\/yuvalojivakfi.org\/kariyer\/","url":"https:\/\/yuvalojivakfi.org\/kariyer\/","name":"Kariyer - Yuvaloji Vakf\u0131","isPartOf":{"@id":"https:\/\/yuvalojivakfi.org\/#website"},"datePublished":"2025-03-20T23:03:42+00:00","dateModified":"2025-03-26T13:34:21+00:00","inLanguage":"en-US","potentialAction":[{"@type":"ReadAction","target":["https:\/\/yuvalojivakfi.org\/kariyer\/"]}]},{"@type":"WebSite","@id":"https:\/\/yuvalojivakfi.org\/#website","url":"https:\/\/yuvalojivakfi.org\/","name":"Yuvaloji Foundation","description":"Yuvaloji Foundation","publisher":{"@id":"https:\/\/yuvalojivakfi.org\/#organization"},"potentialAction":[{"@type":"SearchAction","target":{"@type":"EntryPoint","urlTemplate":"https:\/\/yuvalojivakfi.org\/?s={search_term_string}"},"query-input":{"@type":"PropertyValueSpecification","valueRequired":true,"valueName":"search_term_string"}}],"inLanguage":"en-US"},{"@type":"Organization","@id":"https:\/\/yuvalojivakfi.org\/#organization","name":"Yuvaloji Foundation","url":"https:\/\/yuvalojivakfi.org\/","logo":{"@type":"ImageObject","inLanguage":"en-US","@id":"https:\/\/yuvalojivakfi.org\/#\/schema\/logo\/image\/","url":"https:\/\/yuvalojivakfi.org\/wp-content\/uploads\/2021\/06\/Adsiz-tasarim-9.png","contentUrl":"https:\/\/yuvalojivakfi.org\/wp-content\/uploads\/2021\/06\/Adsiz-tasarim-9.png","width":194,"height":65,"caption":"Yuvaloji Vakf\u0131"},"image":{"@id":"https:\/\/yuvalojivakfi.org\/#\/schema\/logo\/image\/"}}]}},"_links":{"self":[{"href":"https:\/\/yuvalojivakfi.org\/en\/wp-json\/wp\/v2\/pages\/21595","targetHints":{"allow":["GET"]}}],"collection":[{"href":"https:\/\/yuvalojivakfi.org\/en\/wp-json\/wp\/v2\/pages"}],"about":[{"href":"https:\/\/yuvalojivakfi.org\/en\/wp-json\/wp\/v2\/types\/page"}],"author":[{"embeddable":true,"href":"https:\/\/yuvalojivakfi.org\/en\/wp-json\/wp\/v2\/users\/1"}],"replies":[{"embeddable":true,"href":"https:\/\/yuvalojivakfi.org\/en\/wp-json\/wp\/v2\/comments?post=21595"}],"version-history":[{"count":59,"href":"https:\/\/yuvalojivakfi.org\/en\/wp-json\/wp\/v2\/pages\/21595\/revisions"}],"predecessor-version":[{"id":21892,"href":"https:\/\/yuvalojivakfi.org\/en\/wp-json\/wp\/v2\/pages\/21595\/revisions\/21892"}],"wp:attachment":[{"href":"https:\/\/yuvalojivakfi.org\/en\/wp-json\/wp\/v2\/media?parent=21595"}],"curies":[{"name":"wp","href":"https:\/\/api.w.org\/{rel}","templated":true}]}}