{"id":21450,"date":"2025-02-18T09:19:51","date_gmt":"2025-02-18T09:19:51","guid":{"rendered":"https:\/\/yuvalojivakfi.org\/?page_id=21450"},"modified":"2025-02-18T09:21:06","modified_gmt":"2025-02-18T09:21:06","slug":"yuvaloji-kvkk-metni","status":"publish","type":"page","link":"https:\/\/yuvalojivakfi.org\/en\/yuvaloji-kvkk-metni\/","title":{"rendered":"YUVALOJ\u0130 KVKK METN\u0130"},"content":{"rendered":"<div data-elementor-type=\"wp-page\" data-elementor-id=\"21450\" class=\"elementor elementor-21450\" data-elementor-post-type=\"page\">\n\t\t\t\t\t\t<section class=\"elementor-section elementor-top-section elementor-element elementor-element-30385e2 elementor-section-boxed elementor-section-height-default elementor-section-height-default\" data-id=\"30385e2\" data-element_type=\"section\">\n\t\t\t\t\t\t<div class=\"elementor-container elementor-column-gap-default\">\n\t\t\t\t\t<div class=\"elementor-column elementor-col-100 elementor-top-column elementor-element elementor-element-80aa96c\" data-id=\"80aa96c\" data-element_type=\"column\">\n\t\t\t<div class=\"elementor-widget-wrap elementor-element-populated\">\n\t\t\t\t\t\t<div class=\"elementor-element elementor-element-7bf689d elementor-widget elementor-widget-text-editor\" data-id=\"7bf689d\" data-element_type=\"widget\" data-widget_type=\"text-editor.default\">\n\t\t\t\t<div class=\"elementor-widget-container\">\n\t\t\t\t\t\t\t\t\t<p><strong>K\u0130\u015e\u0130SEL VER\u0130LER\u0130N \u0130\u015eLENMES\u0130NE \u0130L\u0130\u015eK\u0130N AYDINLATMA VE RIZA METN\u0130<\/strong><\/p><ol><li><strong> Ama\u00e7<\/strong><br \/>Bu Ayd\u0131nlatma ve R\u0131za Metni\u2019nin amac\u0131, Yuvaloji Vakf\u0131\u2019n\u0131n web sitesi ziyareti s\u0131ras\u0131nda taraf\u0131n\u0131zca payla\u015f\u0131lan bilgi ve verilerin kullan\u0131m\u0131na ili\u015fkin ko\u015ful ve \u015fartlar\u0131 belirlemek, sizi 6698 say\u0131l\u0131 Ki\u015fisel Verilerin Korunmas\u0131 Kanunu (KVKK) kapsam\u0131nda bilgilendirmek ve gerekli durumlarda a\u00e7\u0131k r\u0131zan\u0131z\u0131 temin etmektir.<\/li><li><strong> Hangi Veriler \u0130\u015flenmektedir?<\/strong><br \/>Yuvaloji Vakf\u0131, ziyaretiniz s\u0131ras\u0131nda veya sonras\u0131nda yaz\u0131l\u0131, s\u00f6zl\u00fc ya da elektronik ortamda payla\u015ft\u0131\u011f\u0131n\u0131z ki\u015fisel verilerinizi;<\/li><\/ol><ul><li>Kimlik (Ad, Soyad),<\/li><li>\u0130leti\u015fim (Telefon Numaras\u0131, E-posta Adresi),<\/li><li>Ba\u011f\u0131\u015f ve g\u00f6n\u00fcll\u00fcl\u00fck bilgileri,<\/li><li>Site kullan\u0131m ve i\u015flem bilgileri gibi verileri,<br \/>KVKK\u2019n\u0131n 5. ve 6. maddelerinde belirtilen veri i\u015fleme \u015fartlar\u0131 ve ama\u00e7lar\u0131na uygun \u015fekilde i\u015fleyebilir ve aktarabilir.<\/li><\/ul><ol start=\"3\"><li><strong> Veriler Hangi Ama\u00e7larla Kullan\u0131lmaktad\u0131r?<\/strong><br \/>Yuvaloji Vakf\u0131, ki\u015fisel verilerinizi a\u015fa\u011f\u0131daki ama\u00e7larla kullanabilir:<\/li><\/ol><ul><li>Web sitesine giri\u015f esnas\u0131nda kimlik do\u011frulamas\u0131 yap\u0131lmas\u0131,<\/li><li>Ba\u011f\u0131\u015f ve g\u00f6n\u00fcll\u00fcl\u00fck s\u00fcre\u00e7lerinin y\u00fcr\u00fct\u00fclmesi,<\/li><li>\u0130leti\u015fim kurulmas\u0131 ve bilgi verilmesi,<\/li><li>Site kullan\u0131m\u0131n\u0131n kolayla\u015ft\u0131r\u0131lmas\u0131,<\/li><li>Duyurular ve yeniliklerden haberdar edilmeniz,<\/li><li>Veri g\u00fcvenli\u011fi ve kayb\u0131n\u0131n \u00f6nlenmesi,<\/li><li>Vak\u0131f faaliyetlerinin tan\u0131t\u0131m\u0131 ve analiz s\u00fcre\u00e7leri.<\/li><\/ul><ol start=\"4\"><li><strong> R\u0131zaya Tabi \u0130\u015flemeler<\/strong><br \/>Ki\u015fisel bilgileriniz, a\u00e7\u0131k r\u0131zan\u0131z do\u011frultusunda;<\/li><\/ol><ul><li>Vak\u0131f duyurular\u0131, etkinlik tan\u0131t\u0131mlar\u0131, kampanya ve projeler hakk\u0131nda bilgilendirme,<\/li><li>Tan\u0131t\u0131m, reklam, analiz, hedefleme \u00e7al\u0131\u015fmalar\u0131,<br \/>ama\u00e7lar\u0131yla i\u015flenebilir, saklanabilir ve bu kapsamda hizmet al\u0131nan \u00fc\u00e7\u00fcnc\u00fc ki\u015filer, i\u015f ortaklar\u0131 ve tedarik\u00e7iler ile payla\u015f\u0131labilir.<\/li><\/ul><ol start=\"5\"><li><strong> Verilere Kimler Eri\u015febilmektedir?<\/strong><br \/>Ki\u015fisel verileriniz;<\/li><\/ol><ul><li>Yuvaloji Vakf\u0131,<\/li><li>Teknik altyap\u0131 sa\u011flay\u0131c\u0131lar\u0131, yaz\u0131l\u0131m ve hosting hizmeti sunan \u015firketler,<\/li><li>Kargo firmalar\u0131, dan\u0131\u015fmanl\u0131k \u015firketleri, hukuk b\u00fcrolar\u0131,<\/li><li>Kamu kurum ve kurulu\u015flar\u0131 veya yetkili \u00f6zel t\u00fczel ki\u015filerle,<br \/>sadece belirtilen ama\u00e7larla payla\u015f\u0131labilir. Ayr\u0131ca, yurt d\u0131\u015f\u0131ndaki sunucularda saklanmas\u0131 gerekebilecek verileriniz i\u00e7in bu duruma a\u00e7\u0131k\u00e7a muvafakat etti\u011finizi kabul etmi\u015f say\u0131l\u0131rs\u0131n\u0131z.<\/li><\/ul><ol start=\"6\"><li><strong> Verilere Eri\u015fim Hakk\u0131 ve D\u00fczeltme Talepleri<\/strong><br \/>KVKK\u2019n\u0131n 11. maddesi kapsam\u0131nda;<\/li><\/ol><ul><li>Ki\u015fisel verilerinizin i\u015flenip i\u015flenmedi\u011fini \u00f6\u011frenme,<\/li><li>\u0130\u015flenmi\u015fse bilgi talep etme,<\/li><li>Verilerin eksik veya yanl\u0131\u015f i\u015flenmi\u015f olmas\u0131 halinde d\u00fczeltilmesini isteme,<\/li><li>Verilerinizin silinmesini veya yok edilmesini talep etme,<\/li><li>\u0130\u015flenen verilerin \u00fc\u00e7\u00fcnc\u00fc ki\u015filere aktar\u0131m\u0131 hakk\u0131nda bilgi talep etme,<br \/>haklar\u0131na sahipsiniz.<\/li><\/ul><p>Ba\u015fvurular, Yuvaloji Vakf\u0131\u2019n\u0131n Ki\u015fisel Verilerin Korunmas\u0131 ve \u0130\u015flenmesi Politikas\u0131nda belirtilen y\u00f6ntemlerle yap\u0131labilir ve 30 g\u00fcn i\u00e7inde sonu\u00e7land\u0131r\u0131l\u0131r.<\/p><ol start=\"7\"><li><strong> Ki\u015fisel Verilerin Saklama S\u00fcresi<\/strong><br \/>Yuvaloji Vakf\u0131, ki\u015fisel verilerinizi hizmetlerin sa\u011fland\u0131\u011f\u0131 s\u00fcre boyunca veya ilgili mevzuat\u0131n \u00f6ng\u00f6rd\u00fc\u011f\u00fc zamana\u015f\u0131m\u0131 s\u00fcreleri boyunca saklayabilir.<\/li><li><strong> Veri G\u00fcvenli\u011fine \u0130li\u015fkin \u00d6nlemler<\/strong><br \/>Yuvaloji Vakf\u0131, ki\u015fisel verilerinizin hukuka ayk\u0131r\u0131 i\u015flenmesini, eri\u015filmesini \u00f6nlemek ve g\u00fcvenli\u011fini sa\u011flamak amac\u0131yla teknik ve idari \u00f6nlemleri almay\u0131, gerekli denetimleri yapmay\u0131 taahh\u00fct eder. Verileriniz, Kanun h\u00fck\u00fcmleri d\u0131\u015f\u0131nda i\u015flenmez ve \u00fc\u00e7\u00fcnc\u00fc ki\u015filerle payla\u015f\u0131lmaz.<\/li><\/ol><p><strong>RIZA BEYANI<\/strong><\/p><p>\u0130\u015fbu metni okudu\u011fumu ve anlad\u0131\u011f\u0131m\u0131, taraf\u0131ma gerekli bilgilendirmenin yap\u0131ld\u0131\u011f\u0131n\u0131 kabul ederim. Ki\u015fisel verilerimin Yuvaloji Vakf\u0131 ve belirtilen \u00fc\u00e7\u00fcnc\u00fc ki\u015filer taraf\u0131ndan belirtilen ama\u00e7larla i\u015flenmesine a\u00e7\u0131k\u00e7a r\u0131za g\u00f6sterdi\u011fimi kabul, beyan ve taahh\u00fct ederim.<\/p><p>\u00a0<\/p>\t\t\t\t\t\t\t\t<\/div>\n\t\t\t\t<\/div>\n\t\t\t\t\t<\/div>\n\t\t<\/div>\n\t\t\t\t\t<\/div>\n\t\t<\/section>\n\t\t\t\t<\/div>","protected":false},"excerpt":{"rendered":"<p>K\u0130\u015e\u0130SEL VER\u0130LER\u0130N \u0130\u015eLENMES\u0130NE \u0130L\u0130\u015eK\u0130N AYDINLATMA VE RIZA METN\u0130 Ama\u00e7Bu Ayd\u0131nlatma ve R\u0131za Metni\u2019nin amac\u0131, Yuvaloji Vakf\u0131\u2019n\u0131n web sitesi ziyareti s\u0131ras\u0131nda taraf\u0131n\u0131zca payla\u015f\u0131lan bilgi ve verilerin kullan\u0131m\u0131na ili\u015fkin ko\u015ful ve \u015fartlar\u0131 [&hellip;]<\/p>","protected":false},"author":1,"featured_media":0,"parent":0,"menu_order":0,"comment_status":"closed","ping_status":"closed","template":"","meta":{"give_campaign_id":0,"footnotes":""},"class_list":["post-21450","page","type-page","status-publish","hentry","entry"],"yoast_head":"<!-- This site is optimized with the Yoast SEO plugin v26.7 - https:\/\/yoast.com\/wordpress\/plugins\/seo\/ -->\n<title>YUVALOJ\u0130 KVKK METN\u0130 - Yuvaloji Vakf\u0131<\/title>\n<meta name=\"robots\" content=\"index, follow, max-snippet:-1, max-image-preview:large, max-video-preview:-1\" \/>\n<link rel=\"canonical\" href=\"https:\/\/yuvalojivakfi.org\/en\/yuvaloji-kvkk-metni\/\" \/>\n<meta property=\"og:locale\" content=\"en_US\" \/>\n<meta property=\"og:type\" content=\"article\" \/>\n<meta property=\"og:title\" content=\"YUVALOJ\u0130 KVKK METN\u0130 - Yuvaloji Vakf\u0131\" \/>\n<meta property=\"og:description\" content=\"K\u0130\u015e\u0130SEL VER\u0130LER\u0130N \u0130\u015eLENMES\u0130NE \u0130L\u0130\u015eK\u0130N AYDINLATMA VE RIZA METN\u0130 Ama\u00e7Bu Ayd\u0131nlatma ve R\u0131za Metni\u2019nin amac\u0131, Yuvaloji Vakf\u0131\u2019n\u0131n web sitesi ziyareti s\u0131ras\u0131nda taraf\u0131n\u0131zca payla\u015f\u0131lan bilgi ve verilerin kullan\u0131m\u0131na ili\u015fkin ko\u015ful ve \u015fartlar\u0131 [&hellip;]\" \/>\n<meta property=\"og:url\" content=\"https:\/\/yuvalojivakfi.org\/en\/yuvaloji-kvkk-metni\/\" \/>\n<meta property=\"og:site_name\" content=\"Yuvaloji Vakf\u0131\" \/>\n<meta property=\"article:modified_time\" content=\"2025-02-18T09:21:06+00:00\" \/>\n<meta name=\"twitter:card\" content=\"summary_large_image\" \/>\n<meta name=\"twitter:label1\" content=\"Est. reading time\" \/>\n\t<meta name=\"twitter:data1\" content=\"3 minutes\" \/>\n<script type=\"application\/ld+json\" class=\"yoast-schema-graph\">{\"@context\":\"https:\/\/schema.org\",\"@graph\":[{\"@type\":\"WebPage\",\"@id\":\"https:\/\/yuvalojivakfi.org\/yuvaloji-kvkk-metni\/\",\"url\":\"https:\/\/yuvalojivakfi.org\/yuvaloji-kvkk-metni\/\",\"name\":\"YUVALOJ\u0130 KVKK METN\u0130 - Yuvaloji Vakf\u0131\",\"isPartOf\":{\"@id\":\"https:\/\/yuvalojivakfi.org\/#website\"},\"datePublished\":\"2025-02-18T09:19:51+00:00\",\"dateModified\":\"2025-02-18T09:21:06+00:00\",\"inLanguage\":\"en-US\",\"potentialAction\":[{\"@type\":\"ReadAction\",\"target\":[\"https:\/\/yuvalojivakfi.org\/yuvaloji-kvkk-metni\/\"]}]},{\"@type\":\"WebSite\",\"@id\":\"https:\/\/yuvalojivakfi.org\/#website\",\"url\":\"https:\/\/yuvalojivakfi.org\/\",\"name\":\"Yuvaloji Vakf\u0131\",\"description\":\"Yuvaloji Vakf\u0131\",\"publisher\":{\"@id\":\"https:\/\/yuvalojivakfi.org\/#organization\"},\"potentialAction\":[{\"@type\":\"SearchAction\",\"target\":{\"@type\":\"EntryPoint\",\"urlTemplate\":\"https:\/\/yuvalojivakfi.org\/?s={search_term_string}\"},\"query-input\":{\"@type\":\"PropertyValueSpecification\",\"valueRequired\":true,\"valueName\":\"search_term_string\"}}],\"inLanguage\":\"en-US\"},{\"@type\":\"Organization\",\"@id\":\"https:\/\/yuvalojivakfi.org\/#organization\",\"name\":\"Yuvaloji Vakf\u0131\",\"url\":\"https:\/\/yuvalojivakfi.org\/\",\"logo\":{\"@type\":\"ImageObject\",\"inLanguage\":\"en-US\",\"@id\":\"https:\/\/yuvalojivakfi.org\/#\/schema\/logo\/image\/\",\"url\":\"https:\/\/yuvalojivakfi.org\/wp-content\/uploads\/2021\/06\/Adsiz-tasarim-9.png\",\"contentUrl\":\"https:\/\/yuvalojivakfi.org\/wp-content\/uploads\/2021\/06\/Adsiz-tasarim-9.png\",\"width\":194,\"height\":65,\"caption\":\"Yuvaloji Vakf\u0131\"},\"image\":{\"@id\":\"https:\/\/yuvalojivakfi.org\/#\/schema\/logo\/image\/\"}}]}<\/script>\n<!-- \/ Yoast SEO plugin. -->","yoast_head_json":{"title":"YUVALOJ\u0130 KVKK METN\u0130 - Yuvaloji Vakf\u0131","robots":{"index":"index","follow":"follow","max-snippet":"max-snippet:-1","max-image-preview":"max-image-preview:large","max-video-preview":"max-video-preview:-1"},"canonical":"https:\/\/yuvalojivakfi.org\/en\/yuvaloji-kvkk-metni\/","og_locale":"en_US","og_type":"article","og_title":"YUVALOJ\u0130 KVKK METN\u0130 - Yuvaloji Vakf\u0131","og_description":"K\u0130\u015e\u0130SEL VER\u0130LER\u0130N \u0130\u015eLENMES\u0130NE \u0130L\u0130\u015eK\u0130N AYDINLATMA VE RIZA METN\u0130 Ama\u00e7Bu Ayd\u0131nlatma ve R\u0131za Metni\u2019nin amac\u0131, Yuvaloji Vakf\u0131\u2019n\u0131n web sitesi ziyareti s\u0131ras\u0131nda taraf\u0131n\u0131zca payla\u015f\u0131lan bilgi ve verilerin kullan\u0131m\u0131na ili\u015fkin ko\u015ful ve \u015fartlar\u0131 [&hellip;]","og_url":"https:\/\/yuvalojivakfi.org\/en\/yuvaloji-kvkk-metni\/","og_site_name":"Yuvaloji Vakf\u0131","article_modified_time":"2025-02-18T09:21:06+00:00","twitter_card":"summary_large_image","twitter_misc":{"Est. reading time":"3 minutes"},"schema":{"@context":"https:\/\/schema.org","@graph":[{"@type":"WebPage","@id":"https:\/\/yuvalojivakfi.org\/yuvaloji-kvkk-metni\/","url":"https:\/\/yuvalojivakfi.org\/yuvaloji-kvkk-metni\/","name":"YUVALOJ\u0130 KVKK METN\u0130 - Yuvaloji Vakf\u0131","isPartOf":{"@id":"https:\/\/yuvalojivakfi.org\/#website"},"datePublished":"2025-02-18T09:19:51+00:00","dateModified":"2025-02-18T09:21:06+00:00","inLanguage":"en-US","potentialAction":[{"@type":"ReadAction","target":["https:\/\/yuvalojivakfi.org\/yuvaloji-kvkk-metni\/"]}]},{"@type":"WebSite","@id":"https:\/\/yuvalojivakfi.org\/#website","url":"https:\/\/yuvalojivakfi.org\/","name":"Yuvaloji Foundation","description":"Yuvaloji Foundation","publisher":{"@id":"https:\/\/yuvalojivakfi.org\/#organization"},"potentialAction":[{"@type":"SearchAction","target":{"@type":"EntryPoint","urlTemplate":"https:\/\/yuvalojivakfi.org\/?s={search_term_string}"},"query-input":{"@type":"PropertyValueSpecification","valueRequired":true,"valueName":"search_term_string"}}],"inLanguage":"en-US"},{"@type":"Organization","@id":"https:\/\/yuvalojivakfi.org\/#organization","name":"Yuvaloji Foundation","url":"https:\/\/yuvalojivakfi.org\/","logo":{"@type":"ImageObject","inLanguage":"en-US","@id":"https:\/\/yuvalojivakfi.org\/#\/schema\/logo\/image\/","url":"https:\/\/yuvalojivakfi.org\/wp-content\/uploads\/2021\/06\/Adsiz-tasarim-9.png","contentUrl":"https:\/\/yuvalojivakfi.org\/wp-content\/uploads\/2021\/06\/Adsiz-tasarim-9.png","width":194,"height":65,"caption":"Yuvaloji Vakf\u0131"},"image":{"@id":"https:\/\/yuvalojivakfi.org\/#\/schema\/logo\/image\/"}}]}},"campaignId":"","_links":{"self":[{"href":"https:\/\/yuvalojivakfi.org\/en\/wp-json\/wp\/v2\/pages\/21450","targetHints":{"allow":["GET"]}}],"collection":[{"href":"https:\/\/yuvalojivakfi.org\/en\/wp-json\/wp\/v2\/pages"}],"about":[{"href":"https:\/\/yuvalojivakfi.org\/en\/wp-json\/wp\/v2\/types\/page"}],"author":[{"embeddable":true,"href":"https:\/\/yuvalojivakfi.org\/en\/wp-json\/wp\/v2\/users\/1"}],"replies":[{"embeddable":true,"href":"https:\/\/yuvalojivakfi.org\/en\/wp-json\/wp\/v2\/comments?post=21450"}],"version-history":[{"count":4,"href":"https:\/\/yuvalojivakfi.org\/en\/wp-json\/wp\/v2\/pages\/21450\/revisions"}],"predecessor-version":[{"id":21455,"href":"https:\/\/yuvalojivakfi.org\/en\/wp-json\/wp\/v2\/pages\/21450\/revisions\/21455"}],"wp:attachment":[{"href":"https:\/\/yuvalojivakfi.org\/en\/wp-json\/wp\/v2\/media?parent=21450"}],"curies":[{"name":"wp","href":"https:\/\/api.w.org\/{rel}","templated":true}]}}