{"id":21342,"date":"2025-02-08T11:01:58","date_gmt":"2025-02-08T11:01:58","guid":{"rendered":"https:\/\/yuvalojivakfi.org\/?page_id=21342"},"modified":"2025-02-08T11:04:39","modified_gmt":"2025-02-08T11:04:39","slug":"hayvan-haklari-beyannamesi","status":"publish","type":"page","link":"https:\/\/yuvalojivakfi.org\/en\/hayvan-haklari-beyannamesi\/","title":{"rendered":"Declaration of Animal Rights"},"content":{"rendered":"<div data-elementor-type=\"wp-page\" data-elementor-id=\"21342\" class=\"elementor elementor-21342\" data-elementor-post-type=\"page\">\n\t\t\t\t\t\t<section class=\"elementor-section elementor-top-section elementor-element elementor-element-e04513d elementor-section-boxed elementor-section-height-default elementor-section-height-default\" data-id=\"e04513d\" data-element_type=\"section\">\n\t\t\t\t\t\t<div class=\"elementor-container elementor-column-gap-default\">\n\t\t\t\t\t<div class=\"elementor-column elementor-col-100 elementor-top-column elementor-element elementor-element-88b5c1e\" data-id=\"88b5c1e\" data-element_type=\"column\">\n\t\t\t<div class=\"elementor-widget-wrap elementor-element-populated\">\n\t\t\t\t\t\t<div class=\"elementor-element elementor-element-fe54450 elementor-widget elementor-widget-heading\" data-id=\"fe54450\" data-element_type=\"widget\" data-widget_type=\"heading.default\">\n\t\t\t\t<div class=\"elementor-widget-container\">\n\t\t\t\t\t<h2 class=\"elementor-heading-title elementor-size-default\">Declaration of Animal Rights<\/h2>\t\t\t\t<\/div>\n\t\t\t\t<\/div>\n\t\t\t\t\t<\/div>\n\t\t<\/div>\n\t\t\t\t\t<\/div>\n\t\t<\/section>\n\t\t\t\t<section class=\"elementor-section elementor-top-section elementor-element elementor-element-e9a33bc elementor-section-boxed elementor-section-height-default elementor-section-height-default\" data-id=\"e9a33bc\" data-element_type=\"section\">\n\t\t\t\t\t\t<div class=\"elementor-container elementor-column-gap-default\">\n\t\t\t\t\t<div class=\"elementor-column elementor-col-100 elementor-top-column elementor-element elementor-element-f93293d\" data-id=\"f93293d\" data-element_type=\"column\">\n\t\t\t<div class=\"elementor-widget-wrap elementor-element-populated\">\n\t\t\t\t\t\t<div class=\"elementor-element elementor-element-054c523 elementor-widget elementor-widget-text-editor\" data-id=\"054c523\" data-element_type=\"widget\" data-widget_type=\"text-editor.default\">\n\t\t\t\t<div class=\"elementor-widget-container\">\n\t\t\t\t\t\t\t\t\t<p>Hayvan Haklar\u0131 Evrensel Beyannamesi 15 Ekim 1978 tarihinde Paris\u2019teki UNESCO Merkezi\u2019nde t\u00f6renle\u00a0ilan edilmi\u015ftir.\u00a0Metin 1989 y\u0131l\u0131nda Hayvan Haklar\u0131 Birli\u011fi taraf\u0131ndan tekrar d\u00fczenlenerek 1990 y\u0131l\u0131nda ilan edilmi\u015ftir.<\/p><p class=\"s5\">1.\u00a0\u00a0\u00a0\u00a0\u00a0\u00a0 B\u00fct\u00fcn hayvanlar ya\u015fam \u00f6n\u00fcnde e\u015fit do\u011farlar ve ayn\u0131 var olma hakk\u0131na sahiptirler.<br \/>2.\u00a0\u00a0\u00a0\u00a0\u00a0\u00a0 B\u00fct\u00fcn hayvanlar sayg\u0131 g\u00f6rme hakk\u0131na sahiptir. Bir hayvan t\u00fcr\u00fc olan insan , \u00f6b\u00fcr hayvanlar\u0131 yok edemez. Bu hakk\u0131 \u00e7i\u011fneyerek onlar\u0131 s\u00f6m\u00fcremez.Bilgilerini hayvanlar\u0131n hizmetine sunmakla g\u00f6revlidir. B\u00fct\u00fcn hayvanlar\u0131n insanca g\u00f6zetilme, bak\u0131lma, ve korunma haklar\u0131 vard\u0131r.<br \/>3.\u00a0\u00a0\u00a0\u00a0\u00a0\u00a0 Hi\u00e7bir hayvana k\u00f6t\u00fc davran\u0131lamaz, ac\u0131mas\u0131z ve zalimce eylem yap\u0131lamaz. Bir hayvan\u0131n \u00f6ld\u00fcr\u00fclmesi zorunlu olursa, bu bir anda, ac\u0131 \u00e7ektirmeden ve korkutmadan yap\u0131lmal\u0131d\u0131r.<br \/>4.\u00a0\u00a0\u00a0\u00a0\u00a0\u00a0 Yabani t\u00fcrden olan b\u00fct\u00fcn hayvanlar, kendi \u00f6zel do\u011fal \u00e7evrelerinde karada, havada ve suda ya\u015fama ve \u00fcretme hakk\u0131na sahiptir. E\u011fitim ama\u00e7l\u0131 olsa bile \u00f6zg\u00fcrl\u00fckten yoksun k\u0131lman\u0131n her \u00e7e\u015fidi bu hakka ayk\u0131r\u0131d\u0131r.<br \/>5.\u00a0\u00a0\u00a0\u00a0\u00a0\u00a0 Geleneksel olarak insanlar\u0131n \u00e7evresinde ya\u015fayan bir t\u00fcrden olan b\u00fct\u00fcn hayvanlar uyumlu bir bi\u00e7imde t\u00fcr\u00fcne \u00f6zg\u00fc ya\u015fam ko\u015fullar\u0131 ve \u00f6zg\u00fcrl\u00fck i\u00e7inde ya\u015fama ve \u00fcreme hakk\u0131na sahiptir.<br \/>6.\u00a0\u00a0\u00a0\u00a0\u00a0\u00a0 \u0130nsanlar\u0131n yanlar\u0131na ald\u0131klar\u0131 b\u00fct\u00fcn hayvanlar do\u011fal \u00f6m\u00fcr uzunluklar\u0131na uygun s\u00fcrece ya\u015fama hakk\u0131na sahiptir. Bir hayvan\u0131 terk etmek ac\u0131mas\u0131z ve a\u015fa\u011f\u0131l\u0131k bir davran\u0131\u015ft\u0131r.<br \/>7.\u00a0\u00a0\u00a0\u00a0\u00a0\u00a0 B\u00fct\u00fcn \u00e7al\u0131\u015fan hayvanlar i\u015f s\u00fcresi ve yo\u011funlu\u011funun s\u0131n\u0131rland\u0131r\u0131lmas\u0131 ve g\u00fc\u00e7lerini art\u0131r\u0131c\u0131 bir beslenme ve dinlenme hakk\u0131na sahiptir.<br \/>8.\u00a0\u00a0\u00a0\u00a0\u00a0\u00a0 Hayvanlara fiziki ya da psikolojik bir ac\u0131 \u00e7ektiren deneyler yapmak hayvan haklar\u0131na ayk\u0131r\u0131d\u0131r. T\u0131bbi, bilimsel, ticari ve ba\u015fkaca bi\u00e7imlerdeki her t\u00fcrl\u00fc deneyler i\u00e7in de durum b\u00f6yledir.<br \/>9.\u00a0\u00a0\u00a0\u00a0\u00a0\u00a0 Hayvan beslenmek i\u00e7in yeti\u015ftirilmi\u015fse de bak\u0131lmal\u0131, bar\u0131nd\u0131r\u0131lmal\u0131, ta\u015f\u0131nmal\u0131, \u00f6l\u00fcm\u00fc de ac\u0131 \u00e7ektirmeden ve korkutmadan olmal\u0131d\u0131r.<br \/>10.\u00a0\u00a0\u00a0 Hayvanlardan insanlar\u0131n e\u011flencesi olsun diye yararlan\u0131lamaz, hayvanlar\u0131n seyrettirilmesi ve hayvanlardan yararlan\u0131lan g\u00f6steriler hayvan onuruna ayk\u0131r\u0131d\u0131r.<br \/>11.\u00a0\u00a0\u00a0 Zorunluluk olmaks\u0131z\u0131n bir hayvan\u0131n \u00f6ld\u00fcr\u00fclmesi ya\u015fama kar\u015f\u0131 su\u00e7tur.<br \/>12.\u00a0\u00a0\u00a0 \u00c7ok say\u0131da yabani hayvan\u0131n \u00f6ld\u00fcr\u00fclmesi demek olan her davran\u0131\u015f bir soyk\u0131r\u0131m, yani bir su\u00e7tur.<br \/>13.\u00a0\u00a0\u00a0 Hayvan \u00f6l\u00fcm\u00fcne de sayg\u0131 g\u00f6stermek gerekir. Hayvan\u0131n \u00f6ld\u00fcr\u00fcld\u00fc\u011f\u00fc \u015fiddet sahneleri sinema ve televizyonda yasaklanmal\u0131d\u0131r.<br \/>14.\u00a0\u00a0 Hayvanlar\u0131 koruma ve savunma kurallar\u0131, h\u00fck\u00fcmet d\u00fczeyinde temsil olunmal\u0131d\u0131r.Hayvan haklar\u0131 da insan haklar\u0131 gibi yasayla korunmal\u0131d\u0131r.<\/p>\t\t\t\t\t\t\t\t<\/div>\n\t\t\t\t<\/div>\n\t\t\t\t\t<\/div>\n\t\t<\/div>\n\t\t\t\t\t<\/div>\n\t\t<\/section>\n\t\t\t\t<\/div>","protected":false},"excerpt":{"rendered":"<p>Hayvan Haklar\u0131 Beyannamesi Hayvan Haklar\u0131 Evrensel Beyannamesi 15 Ekim 1978 tarihinde Paris\u2019teki UNESCO Merkezi\u2019nde t\u00f6renle\u00a0ilan edilmi\u015ftir.\u00a0Metin 1989 y\u0131l\u0131nda Hayvan Haklar\u0131 Birli\u011fi taraf\u0131ndan tekrar d\u00fczenlenerek 1990 y\u0131l\u0131nda ilan edilmi\u015ftir. 1.\u00a0\u00a0\u00a0\u00a0\u00a0\u00a0 B\u00fct\u00fcn [&hellip;]<\/p>","protected":false},"author":1,"featured_media":0,"parent":0,"menu_order":0,"comment_status":"closed","ping_status":"closed","template":"","meta":{"give_campaign_id":0,"footnotes":""},"class_list":["post-21342","page","type-page","status-publish","hentry","entry"],"yoast_head":"<!-- This site is optimized with the Yoast SEO plugin v26.7 - https:\/\/yoast.com\/wordpress\/plugins\/seo\/ -->\n<title>Hayvan Haklar\u0131 Beyannamesi - Yuvaloji Vakf\u0131<\/title>\n<meta name=\"robots\" content=\"index, follow, max-snippet:-1, max-image-preview:large, max-video-preview:-1\" \/>\n<link rel=\"canonical\" href=\"https:\/\/yuvalojivakfi.org\/en\/hayvan-haklari-beyannamesi\/\" \/>\n<meta property=\"og:locale\" content=\"en_US\" \/>\n<meta property=\"og:type\" content=\"article\" \/>\n<meta property=\"og:title\" content=\"Hayvan Haklar\u0131 Beyannamesi - Yuvaloji Vakf\u0131\" \/>\n<meta property=\"og:description\" content=\"Hayvan Haklar\u0131 Beyannamesi Hayvan Haklar\u0131 Evrensel Beyannamesi 15 Ekim 1978 tarihinde Paris\u2019teki UNESCO Merkezi\u2019nde t\u00f6renle\u00a0ilan edilmi\u015ftir.\u00a0Metin 1989 y\u0131l\u0131nda Hayvan Haklar\u0131 Birli\u011fi taraf\u0131ndan tekrar d\u00fczenlenerek 1990 y\u0131l\u0131nda ilan edilmi\u015ftir. 1.\u00a0\u00a0\u00a0\u00a0\u00a0\u00a0 B\u00fct\u00fcn [&hellip;]\" \/>\n<meta property=\"og:url\" content=\"https:\/\/yuvalojivakfi.org\/en\/hayvan-haklari-beyannamesi\/\" \/>\n<meta property=\"og:site_name\" content=\"Yuvaloji Vakf\u0131\" \/>\n<meta property=\"article:modified_time\" content=\"2025-02-08T11:04:39+00:00\" \/>\n<meta name=\"twitter:card\" content=\"summary_large_image\" \/>\n<meta name=\"twitter:label1\" content=\"Est. reading time\" \/>\n\t<meta name=\"twitter:data1\" content=\"2 minutes\" \/>\n<script type=\"application\/ld+json\" class=\"yoast-schema-graph\">{\"@context\":\"https:\/\/schema.org\",\"@graph\":[{\"@type\":\"WebPage\",\"@id\":\"https:\/\/yuvalojivakfi.org\/hayvan-haklari-beyannamesi\/\",\"url\":\"https:\/\/yuvalojivakfi.org\/hayvan-haklari-beyannamesi\/\",\"name\":\"Hayvan Haklar\u0131 Beyannamesi - Yuvaloji Vakf\u0131\",\"isPartOf\":{\"@id\":\"https:\/\/yuvalojivakfi.org\/#website\"},\"datePublished\":\"2025-02-08T11:01:58+00:00\",\"dateModified\":\"2025-02-08T11:04:39+00:00\",\"inLanguage\":\"en-US\",\"potentialAction\":[{\"@type\":\"ReadAction\",\"target\":[\"https:\/\/yuvalojivakfi.org\/hayvan-haklari-beyannamesi\/\"]}]},{\"@type\":\"WebSite\",\"@id\":\"https:\/\/yuvalojivakfi.org\/#website\",\"url\":\"https:\/\/yuvalojivakfi.org\/\",\"name\":\"Yuvaloji Vakf\u0131\",\"description\":\"Yuvaloji Vakf\u0131\",\"publisher\":{\"@id\":\"https:\/\/yuvalojivakfi.org\/#organization\"},\"potentialAction\":[{\"@type\":\"SearchAction\",\"target\":{\"@type\":\"EntryPoint\",\"urlTemplate\":\"https:\/\/yuvalojivakfi.org\/?s={search_term_string}\"},\"query-input\":{\"@type\":\"PropertyValueSpecification\",\"valueRequired\":true,\"valueName\":\"search_term_string\"}}],\"inLanguage\":\"en-US\"},{\"@type\":\"Organization\",\"@id\":\"https:\/\/yuvalojivakfi.org\/#organization\",\"name\":\"Yuvaloji Vakf\u0131\",\"url\":\"https:\/\/yuvalojivakfi.org\/\",\"logo\":{\"@type\":\"ImageObject\",\"inLanguage\":\"en-US\",\"@id\":\"https:\/\/yuvalojivakfi.org\/#\/schema\/logo\/image\/\",\"url\":\"https:\/\/yuvalojivakfi.org\/wp-content\/uploads\/2021\/06\/Adsiz-tasarim-9.png\",\"contentUrl\":\"https:\/\/yuvalojivakfi.org\/wp-content\/uploads\/2021\/06\/Adsiz-tasarim-9.png\",\"width\":194,\"height\":65,\"caption\":\"Yuvaloji Vakf\u0131\"},\"image\":{\"@id\":\"https:\/\/yuvalojivakfi.org\/#\/schema\/logo\/image\/\"}}]}<\/script>\n<!-- \/ Yoast SEO plugin. -->","yoast_head_json":{"title":"Hayvan Haklar\u0131 Beyannamesi - Yuvaloji Vakf\u0131","robots":{"index":"index","follow":"follow","max-snippet":"max-snippet:-1","max-image-preview":"max-image-preview:large","max-video-preview":"max-video-preview:-1"},"canonical":"https:\/\/yuvalojivakfi.org\/en\/hayvan-haklari-beyannamesi\/","og_locale":"en_US","og_type":"article","og_title":"Hayvan Haklar\u0131 Beyannamesi - Yuvaloji Vakf\u0131","og_description":"Hayvan Haklar\u0131 Beyannamesi Hayvan Haklar\u0131 Evrensel Beyannamesi 15 Ekim 1978 tarihinde Paris\u2019teki UNESCO Merkezi\u2019nde t\u00f6renle\u00a0ilan edilmi\u015ftir.\u00a0Metin 1989 y\u0131l\u0131nda Hayvan Haklar\u0131 Birli\u011fi taraf\u0131ndan tekrar d\u00fczenlenerek 1990 y\u0131l\u0131nda ilan edilmi\u015ftir. 1.\u00a0\u00a0\u00a0\u00a0\u00a0\u00a0 B\u00fct\u00fcn [&hellip;]","og_url":"https:\/\/yuvalojivakfi.org\/en\/hayvan-haklari-beyannamesi\/","og_site_name":"Yuvaloji Vakf\u0131","article_modified_time":"2025-02-08T11:04:39+00:00","twitter_card":"summary_large_image","twitter_misc":{"Est. reading time":"2 minutes"},"schema":{"@context":"https:\/\/schema.org","@graph":[{"@type":"WebPage","@id":"https:\/\/yuvalojivakfi.org\/hayvan-haklari-beyannamesi\/","url":"https:\/\/yuvalojivakfi.org\/hayvan-haklari-beyannamesi\/","name":"Hayvan Haklar\u0131 Beyannamesi - Yuvaloji Vakf\u0131","isPartOf":{"@id":"https:\/\/yuvalojivakfi.org\/#website"},"datePublished":"2025-02-08T11:01:58+00:00","dateModified":"2025-02-08T11:04:39+00:00","inLanguage":"en-US","potentialAction":[{"@type":"ReadAction","target":["https:\/\/yuvalojivakfi.org\/hayvan-haklari-beyannamesi\/"]}]},{"@type":"WebSite","@id":"https:\/\/yuvalojivakfi.org\/#website","url":"https:\/\/yuvalojivakfi.org\/","name":"Yuvaloji Foundation","description":"Yuvaloji Foundation","publisher":{"@id":"https:\/\/yuvalojivakfi.org\/#organization"},"potentialAction":[{"@type":"SearchAction","target":{"@type":"EntryPoint","urlTemplate":"https:\/\/yuvalojivakfi.org\/?s={search_term_string}"},"query-input":{"@type":"PropertyValueSpecification","valueRequired":true,"valueName":"search_term_string"}}],"inLanguage":"en-US"},{"@type":"Organization","@id":"https:\/\/yuvalojivakfi.org\/#organization","name":"Yuvaloji Foundation","url":"https:\/\/yuvalojivakfi.org\/","logo":{"@type":"ImageObject","inLanguage":"en-US","@id":"https:\/\/yuvalojivakfi.org\/#\/schema\/logo\/image\/","url":"https:\/\/yuvalojivakfi.org\/wp-content\/uploads\/2021\/06\/Adsiz-tasarim-9.png","contentUrl":"https:\/\/yuvalojivakfi.org\/wp-content\/uploads\/2021\/06\/Adsiz-tasarim-9.png","width":194,"height":65,"caption":"Yuvaloji Vakf\u0131"},"image":{"@id":"https:\/\/yuvalojivakfi.org\/#\/schema\/logo\/image\/"}}]}},"campaignId":"","_links":{"self":[{"href":"https:\/\/yuvalojivakfi.org\/en\/wp-json\/wp\/v2\/pages\/21342","targetHints":{"allow":["GET"]}}],"collection":[{"href":"https:\/\/yuvalojivakfi.org\/en\/wp-json\/wp\/v2\/pages"}],"about":[{"href":"https:\/\/yuvalojivakfi.org\/en\/wp-json\/wp\/v2\/types\/page"}],"author":[{"embeddable":true,"href":"https:\/\/yuvalojivakfi.org\/en\/wp-json\/wp\/v2\/users\/1"}],"replies":[{"embeddable":true,"href":"https:\/\/yuvalojivakfi.org\/en\/wp-json\/wp\/v2\/comments?post=21342"}],"version-history":[{"count":7,"href":"https:\/\/yuvalojivakfi.org\/en\/wp-json\/wp\/v2\/pages\/21342\/revisions"}],"predecessor-version":[{"id":21350,"href":"https:\/\/yuvalojivakfi.org\/en\/wp-json\/wp\/v2\/pages\/21342\/revisions\/21350"}],"wp:attachment":[{"href":"https:\/\/yuvalojivakfi.org\/en\/wp-json\/wp\/v2\/media?parent=21342"}],"curies":[{"name":"wp","href":"https:\/\/api.w.org\/{rel}","templated":true}]}}