{"id":20800,"date":"2025-01-06T10:47:09","date_gmt":"2025-01-06T10:47:09","guid":{"rendered":"https:\/\/yuvalojivakfi.org\/?page_id=20800"},"modified":"2025-02-14T14:52:09","modified_gmt":"2025-02-14T14:52:09","slug":"vizyon-ve-misyonumuz","status":"publish","type":"page","link":"https:\/\/yuvalojivakfi.org\/en\/vizyon-ve-misyonumuz\/","title":{"rendered":"Our Vision and Mission"},"content":{"rendered":"<div data-elementor-type=\"wp-page\" data-elementor-id=\"20800\" class=\"elementor elementor-20800\" data-elementor-post-type=\"page\">\n\t\t\t\t\t\t<section class=\"elementor-section elementor-top-section elementor-element elementor-element-b714b8e elementor-section-content-middle elementor-section-boxed elementor-section-height-default elementor-section-height-default\" data-id=\"b714b8e\" data-element_type=\"section\">\n\t\t\t\t\t\t<div class=\"elementor-container elementor-column-gap-extended\">\n\t\t\t\t\t<div class=\"elementor-column elementor-col-50 elementor-top-column elementor-element elementor-element-9cfde7b\" data-id=\"9cfde7b\" data-element_type=\"column\">\n\t\t\t<div class=\"elementor-widget-wrap elementor-element-populated\">\n\t\t\t\t\t\t<div class=\"elementor-element elementor-element-039b645 elementor-widget elementor-widget-image\" data-id=\"039b645\" data-element_type=\"widget\" data-widget_type=\"image.default\">\n\t\t\t\t<div class=\"elementor-widget-container\">\n\t\t\t\t\t\t\t\t\t\t\t\t\t\t\t<img fetchpriority=\"high\" decoding=\"async\" width=\"500\" height=\"475\" src=\"https:\/\/yuvalojivakfi.org\/wp-content\/uploads\/2025\/01\/Misyon.jpg\" class=\"attachment-full size-full wp-image-21177\" alt=\"\" srcset=\"https:\/\/yuvalojivakfi.org\/wp-content\/uploads\/2025\/01\/Misyon.jpg 500w, https:\/\/yuvalojivakfi.org\/wp-content\/uploads\/2025\/01\/Misyon-300x285.jpg 300w, https:\/\/yuvalojivakfi.org\/wp-content\/uploads\/2025\/01\/Misyon-13x12.jpg 13w\" sizes=\"(max-width: 34.9rem) calc(100vw - 2rem), (max-width: 53rem) calc(8 * (100vw \/ 12)), (min-width: 53rem) calc(6 * (100vw \/ 12)), 100vw\" \/>\t\t\t\t\t\t\t\t\t\t\t\t\t\t\t<\/div>\n\t\t\t\t<\/div>\n\t\t\t\t\t<\/div>\n\t\t<\/div>\n\t\t\t\t<div class=\"elementor-column elementor-col-50 elementor-top-column elementor-element elementor-element-652e3ff\" data-id=\"652e3ff\" data-element_type=\"column\">\n\t\t\t<div class=\"elementor-widget-wrap elementor-element-populated\">\n\t\t\t\t\t\t<div class=\"elementor-element elementor-element-57a2972 elementor-widget elementor-widget-heading\" data-id=\"57a2972\" data-element_type=\"widget\" data-widget_type=\"heading.default\">\n\t\t\t\t<div class=\"elementor-widget-container\">\n\t\t\t\t\t<h2 class=\"elementor-heading-title elementor-size-default\">Our mission<\/h2>\t\t\t\t<\/div>\n\t\t\t\t<\/div>\n\t\t\t\t<div class=\"elementor-element elementor-element-2225bda elementor-widget elementor-widget-text-editor\" data-id=\"2225bda\" data-element_type=\"widget\" data-widget_type=\"text-editor.default\">\n\t\t\t\t<div class=\"elementor-widget-container\">\n\t\t\t\t\t\t\t\t\t<p>Developing projects that make a difference in the fields of education, animal rights, social solidarity and environmental protection; instilling in children a love of animals, volunteering and social responsibility awareness. We aim to build a world where the right to life of all living beings is respected and individuals contribute to society in a more sensitive and equipped manner.<\/p>\t\t\t\t\t\t\t\t<\/div>\n\t\t\t\t<\/div>\n\t\t\t\t\t<\/div>\n\t\t<\/div>\n\t\t\t\t\t<\/div>\n\t\t<\/section>\n\t\t\t\t<section class=\"elementor-section elementor-top-section elementor-element elementor-element-930c818 elementor-section-content-middle elementor-section-boxed elementor-section-height-default elementor-section-height-default\" data-id=\"930c818\" data-element_type=\"section\">\n\t\t\t\t\t\t<div class=\"elementor-container elementor-column-gap-extended\">\n\t\t\t\t\t<div class=\"elementor-column elementor-col-50 elementor-top-column elementor-element elementor-element-4fff7e7\" data-id=\"4fff7e7\" data-element_type=\"column\">\n\t\t\t<div class=\"elementor-widget-wrap elementor-element-populated\">\n\t\t\t\t\t\t<div class=\"elementor-element elementor-element-43bb2ac elementor-widget elementor-widget-heading\" data-id=\"43bb2ac\" data-element_type=\"widget\" data-widget_type=\"heading.default\">\n\t\t\t\t<div class=\"elementor-widget-container\">\n\t\t\t\t\t<h2 class=\"elementor-heading-title elementor-size-default\">Our Vision<\/h2>\t\t\t\t<\/div>\n\t\t\t\t<\/div>\n\t\t\t\t<div class=\"elementor-element elementor-element-d45f21b elementor-widget elementor-widget-text-editor\" data-id=\"d45f21b\" data-element_type=\"widget\" data-widget_type=\"text-editor.default\">\n\t\t\t\t<div class=\"elementor-widget-container\">\n\t\t\t\t\t\t\t\t\t<p class=\"v1MsoNormal\">To be a pioneering foundation that advocates environmental sustainability with the aim of making the world a better place; creates opportunities for animal welfare, education of new generations and their inclusion in society. To create social awareness, and to increase the quality of life of individuals and societies by establishing strong collaborations at national and international levels.<\/p>\t\t\t\t\t\t\t\t<\/div>\n\t\t\t\t<\/div>\n\t\t\t\t\t<\/div>\n\t\t<\/div>\n\t\t\t\t<div class=\"elementor-column elementor-col-50 elementor-top-column elementor-element elementor-element-1960f63\" data-id=\"1960f63\" data-element_type=\"column\">\n\t\t\t<div class=\"elementor-widget-wrap elementor-element-populated\">\n\t\t\t\t\t\t<div class=\"elementor-element elementor-element-6f6293c elementor-widget elementor-widget-image\" data-id=\"6f6293c\" data-element_type=\"widget\" data-widget_type=\"image.default\">\n\t\t\t\t<div class=\"elementor-widget-container\">\n\t\t\t\t\t\t\t\t\t\t\t\t\t\t\t<img decoding=\"async\" width=\"500\" height=\"475\" src=\"https:\/\/yuvalojivakfi.org\/wp-content\/uploads\/2025\/01\/Vizyon.jpg\" class=\"attachment-full size-full wp-image-21176\" alt=\"\" srcset=\"https:\/\/yuvalojivakfi.org\/wp-content\/uploads\/2025\/01\/Vizyon.jpg 500w, https:\/\/yuvalojivakfi.org\/wp-content\/uploads\/2025\/01\/Vizyon-300x285.jpg 300w, https:\/\/yuvalojivakfi.org\/wp-content\/uploads\/2025\/01\/Vizyon-13x12.jpg 13w\" sizes=\"(max-width: 34.9rem) calc(100vw - 2rem), (max-width: 53rem) calc(8 * (100vw \/ 12)), (min-width: 53rem) calc(6 * (100vw \/ 12)), 100vw\" \/>\t\t\t\t\t\t\t\t\t\t\t\t\t\t\t<\/div>\n\t\t\t\t<\/div>\n\t\t\t\t\t<\/div>\n\t\t<\/div>\n\t\t\t\t\t<\/div>\n\t\t<\/section>\n\t\t\t\t<\/div>","protected":false},"excerpt":{"rendered":"<p>Misyonumuz E\u011fitim, hayvan haklar\u0131, toplumsal dayan\u0131\u015fma ve \u00e7evre koruma alanlar\u0131nda fark yaratan projeler geli\u015ftirmek; \u00e7ocuklara hayvan sevgisi, g\u00f6n\u00fcll\u00fcl\u00fck ve sosyal sorumluluk bilincini a\u015f\u0131lamak. T\u00fcm canl\u0131lar\u0131n ya\u015fam haklar\u0131na sayg\u0131 duyulan, bireylerin [&hellip;]<\/p>","protected":false},"author":1,"featured_media":0,"parent":0,"menu_order":0,"comment_status":"closed","ping_status":"closed","template":"","meta":{"give_campaign_id":0,"footnotes":""},"class_list":["post-20800","page","type-page","status-publish","hentry","entry"],"yoast_head":"<!-- This site is optimized with the Yoast SEO plugin v26.7 - https:\/\/yoast.com\/wordpress\/plugins\/seo\/ -->\n<title>Vizyon ve Misyonumuz - Yuvaloji Vakf\u0131<\/title>\n<meta name=\"robots\" content=\"index, follow, max-snippet:-1, max-image-preview:large, max-video-preview:-1\" \/>\n<link rel=\"canonical\" href=\"https:\/\/yuvalojivakfi.org\/en\/vizyon-ve-misyonumuz\/\" \/>\n<meta property=\"og:locale\" content=\"en_US\" \/>\n<meta property=\"og:type\" content=\"article\" \/>\n<meta property=\"og:title\" content=\"Vizyon ve Misyonumuz - Yuvaloji Vakf\u0131\" \/>\n<meta property=\"og:description\" content=\"Misyonumuz E\u011fitim, hayvan haklar\u0131, toplumsal dayan\u0131\u015fma ve \u00e7evre koruma alanlar\u0131nda fark yaratan projeler geli\u015ftirmek; \u00e7ocuklara hayvan sevgisi, g\u00f6n\u00fcll\u00fcl\u00fck ve sosyal sorumluluk bilincini a\u015f\u0131lamak. T\u00fcm canl\u0131lar\u0131n ya\u015fam haklar\u0131na sayg\u0131 duyulan, bireylerin [&hellip;]\" \/>\n<meta property=\"og:url\" content=\"https:\/\/yuvalojivakfi.org\/en\/vizyon-ve-misyonumuz\/\" \/>\n<meta property=\"og:site_name\" content=\"Yuvaloji Vakf\u0131\" \/>\n<meta property=\"article:modified_time\" content=\"2025-02-14T14:52:09+00:00\" \/>\n<meta property=\"og:image\" content=\"https:\/\/yuvalojivakfi.org\/wp-content\/uploads\/2025\/01\/Misyon.jpg\" \/>\n<meta name=\"twitter:card\" content=\"summary_large_image\" \/>\n<meta name=\"twitter:label1\" content=\"Est. reading time\" \/>\n\t<meta name=\"twitter:data1\" content=\"1 minute\" \/>\n<script type=\"application\/ld+json\" class=\"yoast-schema-graph\">{\"@context\":\"https:\/\/schema.org\",\"@graph\":[{\"@type\":\"WebPage\",\"@id\":\"https:\/\/yuvalojivakfi.org\/en\/vizyon-ve-misyonumuz\/\",\"url\":\"https:\/\/yuvalojivakfi.org\/en\/vizyon-ve-misyonumuz\/\",\"name\":\"Vizyon ve Misyonumuz - Yuvaloji Vakf\u0131\",\"isPartOf\":{\"@id\":\"https:\/\/yuvalojivakfi.org\/#website\"},\"primaryImageOfPage\":{\"@id\":\"https:\/\/yuvalojivakfi.org\/en\/vizyon-ve-misyonumuz\/#primaryimage\"},\"image\":{\"@id\":\"https:\/\/yuvalojivakfi.org\/en\/vizyon-ve-misyonumuz\/#primaryimage\"},\"thumbnailUrl\":\"https:\/\/yuvalojivakfi.org\/wp-content\/uploads\/2025\/01\/Misyon.jpg\",\"datePublished\":\"2025-01-06T10:47:09+00:00\",\"dateModified\":\"2025-02-14T14:52:09+00:00\",\"inLanguage\":\"en-US\",\"potentialAction\":[{\"@type\":\"ReadAction\",\"target\":[\"https:\/\/yuvalojivakfi.org\/en\/vizyon-ve-misyonumuz\/\"]}]},{\"@type\":\"ImageObject\",\"inLanguage\":\"en-US\",\"@id\":\"https:\/\/yuvalojivakfi.org\/en\/vizyon-ve-misyonumuz\/#primaryimage\",\"url\":\"https:\/\/yuvalojivakfi.org\/wp-content\/uploads\/2025\/01\/Misyon.jpg\",\"contentUrl\":\"https:\/\/yuvalojivakfi.org\/wp-content\/uploads\/2025\/01\/Misyon.jpg\"},{\"@type\":\"WebSite\",\"@id\":\"https:\/\/yuvalojivakfi.org\/#website\",\"url\":\"https:\/\/yuvalojivakfi.org\/\",\"name\":\"Yuvaloji Vakf\u0131\",\"description\":\"Yuvaloji Vakf\u0131\",\"publisher\":{\"@id\":\"https:\/\/yuvalojivakfi.org\/#organization\"},\"potentialAction\":[{\"@type\":\"SearchAction\",\"target\":{\"@type\":\"EntryPoint\",\"urlTemplate\":\"https:\/\/yuvalojivakfi.org\/?s={search_term_string}\"},\"query-input\":{\"@type\":\"PropertyValueSpecification\",\"valueRequired\":true,\"valueName\":\"search_term_string\"}}],\"inLanguage\":\"en-US\"},{\"@type\":\"Organization\",\"@id\":\"https:\/\/yuvalojivakfi.org\/#organization\",\"name\":\"Yuvaloji Vakf\u0131\",\"url\":\"https:\/\/yuvalojivakfi.org\/\",\"logo\":{\"@type\":\"ImageObject\",\"inLanguage\":\"en-US\",\"@id\":\"https:\/\/yuvalojivakfi.org\/#\/schema\/logo\/image\/\",\"url\":\"https:\/\/yuvalojivakfi.org\/wp-content\/uploads\/2021\/06\/Adsiz-tasarim-9.png\",\"contentUrl\":\"https:\/\/yuvalojivakfi.org\/wp-content\/uploads\/2021\/06\/Adsiz-tasarim-9.png\",\"width\":194,\"height\":65,\"caption\":\"Yuvaloji Vakf\u0131\"},\"image\":{\"@id\":\"https:\/\/yuvalojivakfi.org\/#\/schema\/logo\/image\/\"}}]}<\/script>\n<!-- \/ Yoast SEO plugin. -->","yoast_head_json":{"title":"Vizyon ve Misyonumuz - Yuvaloji Vakf\u0131","robots":{"index":"index","follow":"follow","max-snippet":"max-snippet:-1","max-image-preview":"max-image-preview:large","max-video-preview":"max-video-preview:-1"},"canonical":"https:\/\/yuvalojivakfi.org\/en\/vizyon-ve-misyonumuz\/","og_locale":"en_US","og_type":"article","og_title":"Vizyon ve Misyonumuz - Yuvaloji Vakf\u0131","og_description":"Misyonumuz E\u011fitim, hayvan haklar\u0131, toplumsal dayan\u0131\u015fma ve \u00e7evre koruma alanlar\u0131nda fark yaratan projeler geli\u015ftirmek; \u00e7ocuklara hayvan sevgisi, g\u00f6n\u00fcll\u00fcl\u00fck ve sosyal sorumluluk bilincini a\u015f\u0131lamak. T\u00fcm canl\u0131lar\u0131n ya\u015fam haklar\u0131na sayg\u0131 duyulan, bireylerin [&hellip;]","og_url":"https:\/\/yuvalojivakfi.org\/en\/vizyon-ve-misyonumuz\/","og_site_name":"Yuvaloji Vakf\u0131","article_modified_time":"2025-02-14T14:52:09+00:00","og_image":[{"url":"https:\/\/yuvalojivakfi.org\/wp-content\/uploads\/2025\/01\/Misyon.jpg","type":"","width":"","height":""}],"twitter_card":"summary_large_image","twitter_misc":{"Est. reading time":"1 minute"},"schema":{"@context":"https:\/\/schema.org","@graph":[{"@type":"WebPage","@id":"https:\/\/yuvalojivakfi.org\/en\/vizyon-ve-misyonumuz\/","url":"https:\/\/yuvalojivakfi.org\/en\/vizyon-ve-misyonumuz\/","name":"Vizyon ve Misyonumuz - Yuvaloji Vakf\u0131","isPartOf":{"@id":"https:\/\/yuvalojivakfi.org\/#website"},"primaryImageOfPage":{"@id":"https:\/\/yuvalojivakfi.org\/en\/vizyon-ve-misyonumuz\/#primaryimage"},"image":{"@id":"https:\/\/yuvalojivakfi.org\/en\/vizyon-ve-misyonumuz\/#primaryimage"},"thumbnailUrl":"https:\/\/yuvalojivakfi.org\/wp-content\/uploads\/2025\/01\/Misyon.jpg","datePublished":"2025-01-06T10:47:09+00:00","dateModified":"2025-02-14T14:52:09+00:00","inLanguage":"en-US","potentialAction":[{"@type":"ReadAction","target":["https:\/\/yuvalojivakfi.org\/en\/vizyon-ve-misyonumuz\/"]}]},{"@type":"ImageObject","inLanguage":"en-US","@id":"https:\/\/yuvalojivakfi.org\/en\/vizyon-ve-misyonumuz\/#primaryimage","url":"https:\/\/yuvalojivakfi.org\/wp-content\/uploads\/2025\/01\/Misyon.jpg","contentUrl":"https:\/\/yuvalojivakfi.org\/wp-content\/uploads\/2025\/01\/Misyon.jpg"},{"@type":"WebSite","@id":"https:\/\/yuvalojivakfi.org\/#website","url":"https:\/\/yuvalojivakfi.org\/","name":"Yuvaloji Foundation","description":"Yuvaloji Foundation","publisher":{"@id":"https:\/\/yuvalojivakfi.org\/#organization"},"potentialAction":[{"@type":"SearchAction","target":{"@type":"EntryPoint","urlTemplate":"https:\/\/yuvalojivakfi.org\/?s={search_term_string}"},"query-input":{"@type":"PropertyValueSpecification","valueRequired":true,"valueName":"search_term_string"}}],"inLanguage":"en-US"},{"@type":"Organization","@id":"https:\/\/yuvalojivakfi.org\/#organization","name":"Yuvaloji Foundation","url":"https:\/\/yuvalojivakfi.org\/","logo":{"@type":"ImageObject","inLanguage":"en-US","@id":"https:\/\/yuvalojivakfi.org\/#\/schema\/logo\/image\/","url":"https:\/\/yuvalojivakfi.org\/wp-content\/uploads\/2021\/06\/Adsiz-tasarim-9.png","contentUrl":"https:\/\/yuvalojivakfi.org\/wp-content\/uploads\/2021\/06\/Adsiz-tasarim-9.png","width":194,"height":65,"caption":"Yuvaloji Vakf\u0131"},"image":{"@id":"https:\/\/yuvalojivakfi.org\/#\/schema\/logo\/image\/"}}]}},"campaignId":"","_links":{"self":[{"href":"https:\/\/yuvalojivakfi.org\/en\/wp-json\/wp\/v2\/pages\/20800","targetHints":{"allow":["GET"]}}],"collection":[{"href":"https:\/\/yuvalojivakfi.org\/en\/wp-json\/wp\/v2\/pages"}],"about":[{"href":"https:\/\/yuvalojivakfi.org\/en\/wp-json\/wp\/v2\/types\/page"}],"author":[{"embeddable":true,"href":"https:\/\/yuvalojivakfi.org\/en\/wp-json\/wp\/v2\/users\/1"}],"replies":[{"embeddable":true,"href":"https:\/\/yuvalojivakfi.org\/en\/wp-json\/wp\/v2\/comments?post=20800"}],"version-history":[{"count":23,"href":"https:\/\/yuvalojivakfi.org\/en\/wp-json\/wp\/v2\/pages\/20800\/revisions"}],"predecessor-version":[{"id":21387,"href":"https:\/\/yuvalojivakfi.org\/en\/wp-json\/wp\/v2\/pages\/20800\/revisions\/21387"}],"wp:attachment":[{"href":"https:\/\/yuvalojivakfi.org\/en\/wp-json\/wp\/v2\/media?parent=20800"}],"curies":[{"name":"wp","href":"https:\/\/api.w.org\/{rel}","templated":true}]}}