{"id":20783,"date":"2025-01-05T20:41:25","date_gmt":"2025-01-05T20:41:25","guid":{"rendered":"https:\/\/yuvalojivakfi.org\/?page_id=20783"},"modified":"2025-03-28T09:48:25","modified_gmt":"2025-03-28T06:48:25","slug":"gonullu-ol","status":"publish","type":"page","link":"https:\/\/yuvalojivakfi.org\/en\/gonullu-ol\/","title":{"rendered":"Become a Volunteer"},"content":{"rendered":"\t\t<div data-elementor-type=\"wp-page\" data-elementor-id=\"20783\" class=\"elementor elementor-20783\" data-elementor-post-type=\"page\">\n\t\t\t\t\t\t<section class=\"elementor-section elementor-top-section elementor-element elementor-element-7a4c863 elementor-section-boxed elementor-section-height-default elementor-section-height-default\" data-id=\"7a4c863\" data-element_type=\"section\" data-e-type=\"section\" data-settings=\"{&quot;background_background&quot;:&quot;classic&quot;}\">\n\t\t\t\t\t\t<div class=\"elementor-container elementor-column-gap-extended\">\n\t\t\t\t\t<div class=\"elementor-column elementor-col-100 elementor-top-column elementor-element elementor-element-c1ac915\" data-id=\"c1ac915\" data-element_type=\"column\" data-e-type=\"column\" data-settings=\"{&quot;background_background&quot;:&quot;classic&quot;}\">\n\t\t\t<div class=\"elementor-widget-wrap elementor-element-populated\">\n\t\t\t\t\t\t<div class=\"elementor-element elementor-element-6dbf4da elementor-widget elementor-widget-heading\" data-id=\"6dbf4da\" data-element_type=\"widget\" data-e-type=\"widget\" data-widget_type=\"heading.default\">\n\t\t\t\t<div class=\"elementor-widget-container\">\n\t\t\t\t\t<h2 class=\"elementor-heading-title elementor-size-default\">G\u00f6n\u00fcll\u00fc ol<\/h2>\t\t\t\t<\/div>\n\t\t\t\t<\/div>\n\t\t\t\t\t<\/div>\n\t\t<\/div>\n\t\t\t\t\t<\/div>\n\t\t<\/section>\n\t\t\t\t<section class=\"elementor-section elementor-top-section elementor-element elementor-element-d992218 elementor-section-full_width elementor-section-height-default elementor-section-height-default\" data-id=\"d992218\" data-element_type=\"section\" data-e-type=\"section\" data-settings=\"{&quot;background_background&quot;:&quot;classic&quot;}\">\n\t\t\t\t\t\t<div class=\"elementor-container elementor-column-gap-default\">\n\t\t\t\t\t<div class=\"elementor-column elementor-col-100 elementor-top-column elementor-element elementor-element-e75842a\" data-id=\"e75842a\" data-element_type=\"column\" data-e-type=\"column\" data-settings=\"{&quot;background_background&quot;:&quot;classic&quot;}\">\n\t\t\t<div class=\"elementor-widget-wrap elementor-element-populated\">\n\t\t\t\t\t\t<div class=\"elementor-element elementor-element-f31e3d9 elementor-widget elementor-widget-heading\" data-id=\"f31e3d9\" data-element_type=\"widget\" data-e-type=\"widget\" data-widget_type=\"heading.default\">\n\t\t\t\t<div class=\"elementor-widget-container\">\n\t\t\t\t\t<h1 class=\"elementor-heading-title elementor-size-default\">Yuvaloji Vakf\u0131 G\u00f6n\u00fcll\u00fcs\u00fc Ol<\/h1>\t\t\t\t<\/div>\n\t\t\t\t<\/div>\n\t\t\t\t<div class=\"elementor-element elementor-element-4d01cc2 elementor-widget elementor-widget-text-editor\" data-id=\"4d01cc2\" data-element_type=\"widget\" data-e-type=\"widget\" data-widget_type=\"text-editor.default\">\n\t\t\t\t<div class=\"elementor-widget-container\">\n\t\t\t\t\t\t\t\t\t<p style=\"text-align: center;\">Daha ya\u015fanabilir bir d\u00fcnya i\u00e7in sen de bir ad\u0131m at! Yuvaloji Vakf\u0131\u2019na g\u00f6n\u00fcll\u00fc olarak kat\u0131l ve hayvan haklar\u0131ndan e\u011fitime, toplumsal dayan\u0131\u015fmadan \u00e7evre korumaya uzanan projelerde fark yarat.Birlikte daha iyisini ba\u015farabiliriz! G\u00f6n\u00fcll\u00fc olmak i\u00e7in hemen ba\u015fvur ve iyilik hareketimize kat\u0131l.<\/p>\t\t\t\t\t\t\t\t<\/div>\n\t\t\t\t<\/div>\n\t\t\t\t<div class=\"elementor-element elementor-element-c2bbac9 elementor-button-align-center elementor-widget elementor-widget-form\" data-id=\"c2bbac9\" data-element_type=\"widget\" data-e-type=\"widget\" data-settings=\"{&quot;step_next_label&quot;:&quot;Next&quot;,&quot;step_previous_label&quot;:&quot;Previous&quot;,&quot;button_width&quot;:&quot;100&quot;,&quot;step_type&quot;:&quot;number_text&quot;,&quot;step_icon_shape&quot;:&quot;circle&quot;}\" data-widget_type=\"form.default\">\n\t\t\t\t<div class=\"elementor-widget-container\">\n\t\t\t\t\t\t\t<form class=\"elementor-form\" method=\"post\" name=\"Contact Form\">\n\t\t\t<input type=\"hidden\" name=\"post_id\" value=\"20783\"\/>\n\t\t\t<input type=\"hidden\" name=\"form_id\" value=\"c2bbac9\"\/>\n\t\t\t<input type=\"hidden\" name=\"referer_title\" value=\"G\u00f6n\u00fcll\u00fc Ol - Yuvaloji Vakf\u0131\" \/>\n\n\t\t\t\t\t\t\t<input type=\"hidden\" name=\"queried_id\" value=\"20783\"\/>\n\t\t\t\n\t\t\t<div class=\"elementor-form-fields-wrapper elementor-labels-above\">\n\t\t\t\t\t\t\t\t<div class=\"elementor-field-type-text elementor-field-group elementor-column elementor-field-group-name elementor-col-50 elementor-field-required\">\n\t\t\t\t\t\t\t\t\t\t\t\t<label for=\"form-field-name\" class=\"elementor-field-label\">\n\t\t\t\t\t\t\t\tAd\u0131n\u0131z\t\t\t\t\t\t\t<\/label>\n\t\t\t\t\t\t\t\t\t\t\t\t\t\t<input size=\"1\" type=\"text\" name=\"form_fields[name]\" id=\"form-field-name\" class=\"elementor-field elementor-size-md  elementor-field-textual\" placeholder=\"Ad\u0131n\u0131z*\" required=\"required\" aria-required=\"true\">\n\t\t\t\t\t\t\t\t\t\t\t<\/div>\n\t\t\t\t\t\t\t\t<div class=\"elementor-field-type-text elementor-field-group elementor-column elementor-field-group-field_3833c69 elementor-col-50 elementor-field-required\">\n\t\t\t\t\t\t\t\t\t\t\t\t<label for=\"form-field-field_3833c69\" class=\"elementor-field-label\">\n\t\t\t\t\t\t\t\tSoyad\u0131n\u0131z\t\t\t\t\t\t\t<\/label>\n\t\t\t\t\t\t\t\t\t\t\t\t\t\t<input size=\"1\" type=\"text\" name=\"form_fields[field_3833c69]\" id=\"form-field-field_3833c69\" class=\"elementor-field elementor-size-md  elementor-field-textual\" placeholder=\"Soyad\u0131n\u0131z*\" required=\"required\" aria-required=\"true\">\n\t\t\t\t\t\t\t\t\t\t\t<\/div>\n\t\t\t\t\t\t\t\t<div class=\"elementor-field-type-email elementor-field-group elementor-column elementor-field-group-email elementor-col-50 elementor-field-required\">\n\t\t\t\t\t\t\t\t\t\t\t\t<label for=\"form-field-email\" class=\"elementor-field-label\">\n\t\t\t\t\t\t\t\tE-Posta\t\t\t\t\t\t\t<\/label>\n\t\t\t\t\t\t\t\t\t\t\t\t\t\t<input size=\"1\" type=\"email\" name=\"form_fields[email]\" id=\"form-field-email\" class=\"elementor-field elementor-size-md  elementor-field-textual\" placeholder=\"E-posta Adresiniz*\" required=\"required\" aria-required=\"true\">\n\t\t\t\t\t\t\t\t\t\t\t<\/div>\n\t\t\t\t\t\t\t\t<div class=\"elementor-field-type-tel elementor-field-group elementor-column elementor-field-group-field_2a317f5 elementor-col-50 elementor-field-required\">\n\t\t\t\t\t\t\t\t\t\t\t\t<label for=\"form-field-field_2a317f5\" class=\"elementor-field-label\">\n\t\t\t\t\t\t\t\tTelefon\t\t\t\t\t\t\t<\/label>\n\t\t\t\t\t\t\t\t<input size=\"1\" type=\"tel\" name=\"form_fields[field_2a317f5]\" id=\"form-field-field_2a317f5\" class=\"elementor-field elementor-size-md  elementor-field-textual\" placeholder=\"Telefon Numaran\u0131z*\" required=\"required\" aria-required=\"true\" pattern=\"[0-9()#&amp;+*-=.]+\" title=\"Sadece rakamlar ve telefon karakterleri (#, -, *, vb.) kabul edilmektedir.\">\n\n\t\t\t\t\t\t<\/div>\n\t\t\t\t\t\t\t\t<div class=\"elementor-field-type-text elementor-field-group elementor-column elementor-field-group-field_e38a6d8 elementor-col-100\">\n\t\t\t\t\t\t\t\t\t\t\t\t<label for=\"form-field-field_e38a6d8\" class=\"elementor-field-label\">\n\t\t\t\t\t\t\t\tHangi \u015eehirde Ya\u015f\u0131yorsunuz\t\t\t\t\t\t\t<\/label>\n\t\t\t\t\t\t\t\t\t\t\t\t\t\t<input size=\"1\" type=\"text\" name=\"form_fields[field_e38a6d8]\" id=\"form-field-field_e38a6d8\" class=\"elementor-field elementor-size-md  elementor-field-textual\" placeholder=\"Hangi \u015eehirde Ya\u015f\u0131yorsunuz*\">\n\t\t\t\t\t\t\t\t\t\t\t<\/div>\n\t\t\t\t\t\t\t\t<div class=\"elementor-field-type-checkbox elementor-field-group elementor-column elementor-field-group-field_53f6c56 elementor-col-60\">\n\t\t\t\t\t\t\t\t\t\t\t\t<label for=\"form-field-field_53f6c56\" class=\"elementor-field-label\">\n\t\t\t\t\t\t\t\tHangi Alanlarda G\u00f6n\u00fcll\u00fc Olmak \u0130stersiniz? \t\t\t\t\t\t\t<\/label>\n\t\t\t\t\t\t<div class=\"elementor-field-subgroup  \"><span class=\"elementor-field-option\"><input type=\"checkbox\" value=\"Hayvan Bak\u0131m\u0131 ve Tedavisi\" id=\"form-field-field_53f6c56-0\" name=\"form_fields[field_53f6c56][]\"> <label for=\"form-field-field_53f6c56-0\">Hayvan Bak\u0131m\u0131 ve Tedavisi<\/label><\/span><span class=\"elementor-field-option\"><input type=\"checkbox\" value=\"E\u011fitim ve \u00c7ocuk Projeleri\" id=\"form-field-field_53f6c56-1\" name=\"form_fields[field_53f6c56][]\"> <label for=\"form-field-field_53f6c56-1\">E\u011fitim ve \u00c7ocuk Projeleri<\/label><\/span><span class=\"elementor-field-option\"><input type=\"checkbox\" value=\"Organizasyon ve Etkinlik Y\u00f6netimi\" id=\"form-field-field_53f6c56-2\" name=\"form_fields[field_53f6c56][]\"> <label for=\"form-field-field_53f6c56-2\">Organizasyon ve Etkinlik Y\u00f6netimi<\/label><\/span><span class=\"elementor-field-option\"><input type=\"checkbox\" value=\"\u0130dari Destek ve Sosyal Medya Y\u00f6netimi\" id=\"form-field-field_53f6c56-3\" name=\"form_fields[field_53f6c56][]\"> <label for=\"form-field-field_53f6c56-3\">\u0130dari Destek ve Sosyal Medya Y\u00f6netimi<\/label><\/span><span class=\"elementor-field-option\"><input type=\"checkbox\" value=\"Afet ve Kriz Yard\u0131m \u00c7al\u0131\u015fmalar\u0131\" id=\"form-field-field_53f6c56-4\" name=\"form_fields[field_53f6c56][]\"> <label for=\"form-field-field_53f6c56-4\">Afet ve Kriz Yard\u0131m \u00c7al\u0131\u015fmalar\u0131<\/label><\/span><\/div>\t\t\t\t<\/div>\n\t\t\t\t\t\t\t\t<div class=\"elementor-field-type-text elementor-field-group elementor-column elementor-field-group-field_423164f elementor-col-50 elementor-field-required\">\n\t\t\t\t\t\t\t\t\t\t\t\t<label for=\"form-field-field_423164f\" class=\"elementor-field-label\">\n\t\t\t\t\t\t\t\tHaftal\u0131k Ka\u00e7 Saat Ay\u0131rabilirsiniz?\t\t\t\t\t\t\t<\/label>\n\t\t\t\t\t\t\t\t\t\t\t\t\t\t<input size=\"1\" type=\"text\" name=\"form_fields[field_423164f]\" id=\"form-field-field_423164f\" class=\"elementor-field elementor-size-md  elementor-field-textual\" placeholder=\"Haftal\u0131k Ka\u00e7 Saat Ay\u0131rabilirsiniz?*\" required=\"required\" aria-required=\"true\">\n\t\t\t\t\t\t\t\t\t\t\t<\/div>\n\t\t\t\t\t\t\t\t<div class=\"elementor-field-type-textarea elementor-field-group elementor-column elementor-field-group-message elementor-col-100\">\n\t\t\t\t\t\t\t\t\t\t\t\t<label for=\"form-field-message\" class=\"elementor-field-label\">\n\t\t\t\t\t\t\t\tMesle\u011finiz\t\t\t\t\t\t\t<\/label>\n\t\t\t\t\t\t<textarea class=\"elementor-field-textual elementor-field  elementor-size-md\" name=\"form_fields[message]\" id=\"form-field-message\" rows=\"4\" placeholder=\"Mesle\u011finiz*\"><\/textarea>\t\t\t\t<\/div>\n\t\t\t\t\t\t\t\t<div class=\"elementor-field-type-textarea elementor-field-group elementor-column elementor-field-group-field_67e19d5 elementor-col-100\">\n\t\t\t\t\t\t\t\t\t\t\t\t<label for=\"form-field-field_67e19d5\" class=\"elementor-field-label\">\n\t\t\t\t\t\t\t\tYetenekleriniz\t\t\t\t\t\t\t<\/label>\n\t\t\t\t\t\t<textarea class=\"elementor-field-textual elementor-field  elementor-size-md\" name=\"form_fields[field_67e19d5]\" id=\"form-field-field_67e19d5\" rows=\"4\" placeholder=\"Yetenekleriniz*\"><\/textarea>\t\t\t\t<\/div>\n\t\t\t\t\t\t\t\t<div class=\"elementor-field-type-checkbox elementor-field-group elementor-column elementor-field-group-field_27b1396 elementor-col-100\">\n\t\t\t\t\t<div class=\"elementor-field-subgroup  \"><span class=\"elementor-field-option\"><input type=\"checkbox\" value=\" &lt;a href=&quot;https:\/\/yuvalojivakfi.org\/tr_tr\/uyelik-sozlesmesi\/&quot; class=&quot;gizlilik&quot; target=&quot;_blank&quot;&gt;G\u00f6n\u00fcll\u00fcl\u00fck \u015fartlar\u0131n\u0131 &lt;\/a&gt; ve &lt;a href=&quot;https:\/\/yuvalojivakfi.org\/tr_tr\/yuvaloji-kvkk-metni\/&quot; class=&quot;gizlilik&quot; target=&quot;_blank&quot;&gt;Gizlilik Politikas\u0131n\u0131&lt;\/a&gt; kabul ediyorum.\" id=\"form-field-field_27b1396-0\" name=\"form_fields[field_27b1396]\"> <label for=\"form-field-field_27b1396-0\"> <a href=\"https:\/\/yuvalojivakfi.org\/tr_tr\/uyelik-sozlesmesi\/\" class=\"gizlilik\" target=\"_blank\">G\u00f6n\u00fcll\u00fcl\u00fck \u015fartlar\u0131n\u0131 <\/a> ve <a href=\"https:\/\/yuvalojivakfi.org\/tr_tr\/yuvaloji-kvkk-metni\/\" class=\"gizlilik\" target=\"_blank\">Gizlilik Politikas\u0131n\u0131<\/a> kabul ediyorum.<\/label><\/span><\/div>\t\t\t\t<\/div>\n\t\t\t\t\t\t\t\t<div class=\"elementor-field-group elementor-column elementor-field-type-submit elementor-col-100 e-form__buttons\">\n\t\t\t\t\t<button class=\"elementor-button elementor-size-sm\" type=\"submit\">\n\t\t\t\t\t\t<span class=\"elementor-button-content-wrapper\">\n\t\t\t\t\t\t\t\t\t\t\t\t\t\t\t\t\t\t\t\t\t\t<span class=\"elementor-button-text\">Mesaj G\u00f6nder<\/span>\n\t\t\t\t\t\t\t\t\t\t\t\t\t<\/span>\n\t\t\t\t\t<\/button>\n\t\t\t\t<\/div>\n\t\t\t<\/div>\n\t\t<\/form>\n\t\t\t\t\t\t<\/div>\n\t\t\t\t<\/div>\n\t\t\t\t\t<\/div>\n\t\t<\/div>\n\t\t\t\t\t<\/div>\n\t\t<\/section>\n\t\t\t\t<\/div>\n\t\t","protected":false},"excerpt":{"rendered":"<p>G\u00f6n\u00fcll\u00fc ol Yuvaloji Vakf\u0131 G\u00f6n\u00fcll\u00fcs\u00fc Ol Daha ya\u015fanabilir bir d\u00fcnya i\u00e7in sen de bir ad\u0131m at! Yuvaloji Vakf\u0131\u2019na g\u00f6n\u00fcll\u00fc olarak kat\u0131l ve hayvan haklar\u0131ndan e\u011fitime, toplumsal dayan\u0131\u015fmadan \u00e7evre korumaya uzanan projelerde fark yarat.Birlikte daha iyisini ba\u015farabiliriz! G\u00f6n\u00fcll\u00fc olmak i\u00e7in hemen ba\u015fvur ve iyilik hareketimize kat\u0131l.<\/p>","protected":false},"author":1,"featured_media":0,"parent":0,"menu_order":0,"comment_status":"closed","ping_status":"closed","template":"elementor_header_footer","meta":{"footnotes":""},"class_list":["post-20783","page","type-page","status-publish","hentry","entry"],"yoast_head":"<!-- This site is optimized with the Yoast SEO plugin v26.7 - https:\/\/yoast.com\/wordpress\/plugins\/seo\/ -->\n<title>G\u00f6n\u00fcll\u00fc Ol - Yuvaloji Vakf\u0131<\/title>\n<meta name=\"robots\" content=\"index, follow, max-snippet:-1, max-image-preview:large, max-video-preview:-1\" \/>\n<link rel=\"canonical\" href=\"https:\/\/yuvalojivakfi.org\/en\/gonullu-ol\/\" \/>\n<meta property=\"og:locale\" content=\"en_US\" \/>\n<meta property=\"og:type\" content=\"article\" \/>\n<meta property=\"og:title\" content=\"G\u00f6n\u00fcll\u00fc Ol - Yuvaloji Vakf\u0131\" \/>\n<meta property=\"og:description\" content=\"G\u00f6n\u00fcll\u00fc ol Yuvaloji Vakf\u0131 G\u00f6n\u00fcll\u00fcs\u00fc Ol Daha ya\u015fanabilir bir d\u00fcnya i\u00e7in sen de bir ad\u0131m at! Yuvaloji Vakf\u0131\u2019na g\u00f6n\u00fcll\u00fc olarak kat\u0131l ve hayvan haklar\u0131ndan e\u011fitime, toplumsal dayan\u0131\u015fmadan \u00e7evre korumaya uzanan projelerde fark yarat.Birlikte daha iyisini ba\u015farabiliriz! G\u00f6n\u00fcll\u00fc olmak i\u00e7in hemen ba\u015fvur ve iyilik hareketimize kat\u0131l.\" \/>\n<meta property=\"og:url\" content=\"https:\/\/yuvalojivakfi.org\/en\/gonullu-ol\/\" \/>\n<meta property=\"og:site_name\" content=\"Yuvaloji Vakf\u0131\" \/>\n<meta property=\"article:modified_time\" content=\"2025-03-28T06:48:25+00:00\" \/>\n<meta name=\"twitter:card\" content=\"summary_large_image\" \/>\n<meta name=\"twitter:label1\" content=\"Est. reading time\" \/>\n\t<meta name=\"twitter:data1\" content=\"1 minute\" \/>\n<script type=\"application\/ld+json\" class=\"yoast-schema-graph\">{\"@context\":\"https:\/\/schema.org\",\"@graph\":[{\"@type\":\"WebPage\",\"@id\":\"https:\/\/yuvalojivakfi.org\/gonullu-ol\/\",\"url\":\"https:\/\/yuvalojivakfi.org\/gonullu-ol\/\",\"name\":\"G\u00f6n\u00fcll\u00fc Ol - Yuvaloji Vakf\u0131\",\"isPartOf\":{\"@id\":\"https:\/\/yuvalojivakfi.org\/#website\"},\"datePublished\":\"2025-01-05T20:41:25+00:00\",\"dateModified\":\"2025-03-28T06:48:25+00:00\",\"inLanguage\":\"en-US\",\"potentialAction\":[{\"@type\":\"ReadAction\",\"target\":[\"https:\/\/yuvalojivakfi.org\/gonullu-ol\/\"]}]},{\"@type\":\"WebSite\",\"@id\":\"https:\/\/yuvalojivakfi.org\/#website\",\"url\":\"https:\/\/yuvalojivakfi.org\/\",\"name\":\"Yuvaloji Vakf\u0131\",\"description\":\"Yuvaloji Vakf\u0131\",\"publisher\":{\"@id\":\"https:\/\/yuvalojivakfi.org\/#organization\"},\"potentialAction\":[{\"@type\":\"SearchAction\",\"target\":{\"@type\":\"EntryPoint\",\"urlTemplate\":\"https:\/\/yuvalojivakfi.org\/?s={search_term_string}\"},\"query-input\":{\"@type\":\"PropertyValueSpecification\",\"valueRequired\":true,\"valueName\":\"search_term_string\"}}],\"inLanguage\":\"en-US\"},{\"@type\":\"Organization\",\"@id\":\"https:\/\/yuvalojivakfi.org\/#organization\",\"name\":\"Yuvaloji Vakf\u0131\",\"url\":\"https:\/\/yuvalojivakfi.org\/\",\"logo\":{\"@type\":\"ImageObject\",\"inLanguage\":\"en-US\",\"@id\":\"https:\/\/yuvalojivakfi.org\/#\/schema\/logo\/image\/\",\"url\":\"https:\/\/yuvalojivakfi.org\/wp-content\/uploads\/2021\/06\/Adsiz-tasarim-9.png\",\"contentUrl\":\"https:\/\/yuvalojivakfi.org\/wp-content\/uploads\/2021\/06\/Adsiz-tasarim-9.png\",\"width\":194,\"height\":65,\"caption\":\"Yuvaloji Vakf\u0131\"},\"image\":{\"@id\":\"https:\/\/yuvalojivakfi.org\/#\/schema\/logo\/image\/\"}}]}<\/script>\n<!-- \/ Yoast SEO plugin. -->","yoast_head_json":{"title":"G\u00f6n\u00fcll\u00fc Ol - Yuvaloji Vakf\u0131","robots":{"index":"index","follow":"follow","max-snippet":"max-snippet:-1","max-image-preview":"max-image-preview:large","max-video-preview":"max-video-preview:-1"},"canonical":"https:\/\/yuvalojivakfi.org\/en\/gonullu-ol\/","og_locale":"en_US","og_type":"article","og_title":"G\u00f6n\u00fcll\u00fc Ol - Yuvaloji Vakf\u0131","og_description":"G\u00f6n\u00fcll\u00fc ol Yuvaloji Vakf\u0131 G\u00f6n\u00fcll\u00fcs\u00fc Ol Daha ya\u015fanabilir bir d\u00fcnya i\u00e7in sen de bir ad\u0131m at! Yuvaloji Vakf\u0131\u2019na g\u00f6n\u00fcll\u00fc olarak kat\u0131l ve hayvan haklar\u0131ndan e\u011fitime, toplumsal dayan\u0131\u015fmadan \u00e7evre korumaya uzanan projelerde fark yarat.Birlikte daha iyisini ba\u015farabiliriz! G\u00f6n\u00fcll\u00fc olmak i\u00e7in hemen ba\u015fvur ve iyilik hareketimize kat\u0131l.","og_url":"https:\/\/yuvalojivakfi.org\/en\/gonullu-ol\/","og_site_name":"Yuvaloji Vakf\u0131","article_modified_time":"2025-03-28T06:48:25+00:00","twitter_card":"summary_large_image","twitter_misc":{"Est. reading time":"1 minute"},"schema":{"@context":"https:\/\/schema.org","@graph":[{"@type":"WebPage","@id":"https:\/\/yuvalojivakfi.org\/gonullu-ol\/","url":"https:\/\/yuvalojivakfi.org\/gonullu-ol\/","name":"G\u00f6n\u00fcll\u00fc Ol - Yuvaloji Vakf\u0131","isPartOf":{"@id":"https:\/\/yuvalojivakfi.org\/#website"},"datePublished":"2025-01-05T20:41:25+00:00","dateModified":"2025-03-28T06:48:25+00:00","inLanguage":"en-US","potentialAction":[{"@type":"ReadAction","target":["https:\/\/yuvalojivakfi.org\/gonullu-ol\/"]}]},{"@type":"WebSite","@id":"https:\/\/yuvalojivakfi.org\/#website","url":"https:\/\/yuvalojivakfi.org\/","name":"Yuvaloji Foundation","description":"Yuvaloji Foundation","publisher":{"@id":"https:\/\/yuvalojivakfi.org\/#organization"},"potentialAction":[{"@type":"SearchAction","target":{"@type":"EntryPoint","urlTemplate":"https:\/\/yuvalojivakfi.org\/?s={search_term_string}"},"query-input":{"@type":"PropertyValueSpecification","valueRequired":true,"valueName":"search_term_string"}}],"inLanguage":"en-US"},{"@type":"Organization","@id":"https:\/\/yuvalojivakfi.org\/#organization","name":"Yuvaloji Foundation","url":"https:\/\/yuvalojivakfi.org\/","logo":{"@type":"ImageObject","inLanguage":"en-US","@id":"https:\/\/yuvalojivakfi.org\/#\/schema\/logo\/image\/","url":"https:\/\/yuvalojivakfi.org\/wp-content\/uploads\/2021\/06\/Adsiz-tasarim-9.png","contentUrl":"https:\/\/yuvalojivakfi.org\/wp-content\/uploads\/2021\/06\/Adsiz-tasarim-9.png","width":194,"height":65,"caption":"Yuvaloji Vakf\u0131"},"image":{"@id":"https:\/\/yuvalojivakfi.org\/#\/schema\/logo\/image\/"}}]}},"_links":{"self":[{"href":"https:\/\/yuvalojivakfi.org\/en\/wp-json\/wp\/v2\/pages\/20783","targetHints":{"allow":["GET"]}}],"collection":[{"href":"https:\/\/yuvalojivakfi.org\/en\/wp-json\/wp\/v2\/pages"}],"about":[{"href":"https:\/\/yuvalojivakfi.org\/en\/wp-json\/wp\/v2\/types\/page"}],"author":[{"embeddable":true,"href":"https:\/\/yuvalojivakfi.org\/en\/wp-json\/wp\/v2\/users\/1"}],"replies":[{"embeddable":true,"href":"https:\/\/yuvalojivakfi.org\/en\/wp-json\/wp\/v2\/comments?post=20783"}],"version-history":[{"count":91,"href":"https:\/\/yuvalojivakfi.org\/en\/wp-json\/wp\/v2\/pages\/20783\/revisions"}],"predecessor-version":[{"id":21914,"href":"https:\/\/yuvalojivakfi.org\/en\/wp-json\/wp\/v2\/pages\/20783\/revisions\/21914"}],"wp:attachment":[{"href":"https:\/\/yuvalojivakfi.org\/en\/wp-json\/wp\/v2\/media?parent=20783"}],"curies":[{"name":"wp","href":"https:\/\/api.w.org\/{rel}","templated":true}]}}